{"id":4774,"date":"2024-04-15T19:11:32","date_gmt":"2024-04-15T19:11:32","guid":{"rendered":"https:\/\/itoptimiser.com\/faq\/faq-for-kunder-ansatte\/"},"modified":"2025-03-13T15:33:39","modified_gmt":"2025-03-13T15:33:39","slug":"faq-for-kunder-ansatte","status":"publish","type":"page","link":"https:\/\/itoptimiser.com\/da\/faq\/faq-for-kunder-ansatte\/","title":{"rendered":"FAQ for kunder &#8211; Ansatte"},"content":{"rendered":"<section class=\"px-3 px-md-5 mb-3 pb-md-5 mb-md-5 herobanner herobanner_overlay herobanner-breadcrumb\" id=\"herobanner-block_38a4ceaaa79d0340ba12dc925256b9e5\">\n    <div class=\"container mx-auto position-relative text-white breadcrumb py-3 mb-2\"><a class=\"text-white breadcrumb-home\" href=\"https:\/\/itoptimiser.com\/da\/\" rel=\"nofollow\">Home<\/a><\/div><div class=\"col-md-11 bg-white mx-auto apply-form apply-database position-fixed top-0 w-100\" id=\"apply-database\">\n    <div class=\"cancel-btn\">\n        <svg xmlns=\"http:\/\/www.w3.org\/2000\/svg\" width=\"30\" height=\"30\" viewBox=\"0 0 30 30\" fill=\"none\">\n            <path d=\"M27.9703 2.0293L2.0293 27.9703\" stroke=\"#060E5B\" stroke-width=\"2.66667\" stroke-linecap=\"round\" stroke-linejoin=\"round\"\/>\n            <path d=\"M2.0293 2.0293L27.9703 27.9703\" stroke=\"#060E5B\" stroke-width=\"2.66667\" stroke-linecap=\"round\" stroke-linejoin=\"round\"\/>\n        <\/svg>\n    <\/div>\n    <ul class=\"progressbar col-md-4 mx-auto\">\n        <li class=\"active\"><\/li>\n        <li><\/li>\n        <li><\/li>\n      <\/ul>\n    <h2 class=\"fw-bold text-center mb-4 form-heading\">I am interested<\/h2>\n    <div class=\"bg-form-beige py-5 rounded-4\"><p class=\"wpcf7-contact-form-not-found\"><strong>Fejl:<\/strong> Kontaktformular ikke fundet.<\/p><div class=\"get_email text-center\">\n        <\/div>\n    <\/div>\n<\/div>\n    <div class=\"herobanner-container\">\n        <div class=\"Container banner-bg\">\n            <div class=\"hero-content ps-md-5\">\n                <div class=\"content-inner\">\n                                            <h1 class=\"fw-bold h2\">SAP Fastans\u00e6ttelse Oftest stillede sp\u00f8rgsm\u00e5l<\/h1>\n                                          <p class=\"mb-2 pe-md-5\"><\/p>\n                <\/div><div class=\"banner-button d-flex mt-4 gap-4 flex-wrap\">                        <\/div>\n            <\/div>\n        <\/div>\n    <\/div>\n<\/section><div class=\"col-md-11 bg-white mx-auto apply-form position-fixed top-0 w-100\" id=\"book-call\">\n    <div class=\"cancel-btn\">\n        <svg xmlns=\"http:\/\/www.w3.org\/2000\/svg\" width=\"30\" height=\"30\" viewBox=\"0 0 30 30\" fill=\"none\">\n            <path d=\"M27.9703 2.0293L2.0293 27.9703\" stroke=\"#060E5B\" stroke-width=\"2.66667\" stroke-linecap=\"round\" stroke-linejoin=\"round\"\/>\n            <path d=\"M2.0293 2.0293L27.9703 27.9703\" stroke=\"#060E5B\" stroke-width=\"2.66667\" stroke-linecap=\"round\" stroke-linejoin=\"round\"\/>\n        <\/svg>\n    <\/div>\n    <h2 class=\"fw-bold text-center mb-4 form-heading\">Book a call slot with <br>\na IT Optimiser consultant<\/h2>\n    <div class=\"bg-form-secondary py-5 rounded-4\"><p class=\"wpcf7-contact-form-not-found\"><strong>Fejl:<\/strong> Kontaktformular ikke fundet.<\/p>    <div class=\"get_email text-center\">\n            <h3 class=\"fw-bold\">You will get an email soon<\/h3>\n            <p>Lorem Ipsum is simply dummy text of the printing and typesetting industry. Lorem Ipsum has been the industry&#8217;s standard dummy text ever since the 1500s, when an unknown printer took a galley of type and scrambled it to make a type specimen book.<\/p>\n        <\/div>\n    <\/div>\n<\/div>\n<style type=\"text\/css\">\n    #herobanner-block_38a4ceaaa79d0340ba12dc925256b9e5 .banner-bg {\n        background-image: url('https:\/\/itoptimiser.com\/wp-content\/uploads\/2024\/04\/pexels-yan-krukau-8867435-scaled.jpg');\n    }\n    #herobanner-block_38a4ceaaa79d0340ba12dc925256b9e5 .promotionbanner-container:before,\n    #herobanner-block_38a4ceaaa79d0340ba12dc925256b9e5 .herobanner-container:before {\n        background: #060e5b;\n    }\n    #herobanner-block_38a4ceaaa79d0340ba12dc925256b9e5 h1,\n    #herobanner-block_38a4ceaaa79d0340ba12dc925256b9e5 h2{\n        color: rgb(255,255,255);\n    }\n    #herobanner-block_38a4ceaaa79d0340ba12dc925256b9e5 p{\n        color: #ffffff;\n    }\n    \n    #herobanner-block_38a4ceaaa79d0340ba12dc925256b9e5 .promotion-content .content-inner{\n        max-width: 515;\n    }\n    #herobanner-block_38a4ceaaa79d0340ba12dc925256b9e5 .hero-content .content-inner{\n        max-width: 515;\n    }\n    .hero-content .banner-button svg{\n       width: 25px;\n       height: 27px;\n    }\n    <\/style>\n\n\n<section class=\"faq-wrp mx-3 mx-md-5 mb-5 my-md-5 faq-blue pb-md-5\" id=\"faq-wrp-block_f45d48bb54dfabc3395ff0f26895db5f\">\n<div class=\"faq-background mx-md-0 mx-3\">\n    <style type=\"text\/css\">\n             #faq-wrp-block_f45d48bb54dfabc3395ff0f26895db5f .faq-background:before {\n                content: \"\";\n                bottom: 1px;\n                right: 0;\n                position: absolute;\n                background-image: url('https:\/\/itoptimiser.com\/wp-content\/uploads\/2023\/12\/Graphic-1.png');\n                background-size: cover;\n                width: 50%;\n                height: 75%;\n                z-index: -1;\n             }\n          <\/style>    <div class=\"faq-container\">\n        <h2 class=\"fw-bold pb-2\">SAP Fastans\u00e6ttelse<\/h2>\n        <p class=\"faq_pre pb-3\">F\u00e5 svar p\u00e5 vores oftest stillede sp\u00f8rgsm\u00e5l fra vores kunder. T\u00f8v ikke med at kontakte os, hvis der er noget, du mangler svar p\u00e5.<\/p>\n    <div class=\"accordion-container\"><div class=\"accordion-item\"><div class=\"accordion-title active fw-bold mb-0 h4\">Kan ITO hj\u00e6lpe os med at lave jobbeskrivelsen?<\/div><div class=\"accordion-content\" style=\"display: none;\"><p>Ja \u2013 Som en del af den indledende rekrutteringsproces tager vi h\u00e5nd om jobbeskrivelsen. Det kan v\u00e6re med udgangspunkt i allerede eksisterende materiale eller alternativt laver vi en beskrivelse fra bunden. M\u00e5let er naturligvis at f\u00e5 lavet en jobbeskrivelse der afspejler pr\u00e6cis de \u00f8nsker I s\u00f8ger i en ny kollega, kombineret med vores input om SAP og dets nuv\u00e6rende kandidatmarked. <\/p>\n<\/div><\/div><div class=\"accordion-item\"><div class=\"accordion-title active fw-bold mb-0 h4\">Kan ITO tilbyde personlighedstest og kognitive tests? <\/div><div class=\"accordion-content\" style=\"display: none;\"><p>Ja. N\u00e5r man leder efter en ny kollega, er vurderingen af bl.a. personlighed et liges\u00e5 vigtigt paramter i ans\u00e6ttelsesprocessen. Efter \u00f8nske kan vi hos ITO udf\u00f8re b\u00e5de personlighedstest og kognitive tests af alle relevante kandidater.<\/p>\n<\/div><\/div><div class=\"accordion-item\"><div class=\"accordion-title active fw-bold mb-0 h4\">Hvor mange CV&#039;er \/ profiler modtager vi i l\u00f8bet af rekrruteringsprocessen<\/div><div class=\"accordion-content\" style=\"display: none;\"><p>Baseret p\u00e5 vores mange \u00e5rs erfaring inden for SAP-rekruttering forst\u00e5r vi, at det at finde den rigtige kollega er en &#8220;rejse&#8221;. Vi oplever ofte at man i l\u00f8bet af processen og samtalerne med kandidater bliver mere og mere skarp p\u00e5 &#8220;det bedste match&#8221;. Vores fokus gennem hele rekrutteringsprocessen er ikke m\u00e6ngden af \u200b\u200bfremsendte CV\u2019er, men at finde den bedst egnede kandidat til jobbet. <\/p>\n<\/div><\/div><div class=\"accordion-item\"><div class=\"accordion-title active fw-bold mb-0 h4\">Hvor lang tid forventes rekrutteringsprocessen at tage?<\/div><div class=\"accordion-content\" style=\"display: none;\"><p>Det kr\u00e6ver et t\u00e6t samarbejde partnerne imellem at finde det rigtige match til jobbet. Der er flere faktorer der afg\u00f8r hvor lang processen tager f.eks. jobbets \/ profilernes kompleksitet, feedbackprocesser p\u00e5 CV&#8217;er, fleksibilitet i forhold til at gennemf\u00f8re jobsamtaler, opsigelsesperioder osv. Forvent at hele processen tager mellem 3-6 m\u00e5neder. Kontakt gerne vores erfarne rekrutteringsteam for en snak om jeres konkrete behov. <\/p>\n<\/div><\/div><div class=\"accordion-item\"><div class=\"accordion-title active fw-bold mb-0 h4\">Leverer ITO kun ressourcer til fastans\u00e6ttelse i Danmark?<\/div><div class=\"accordion-content\" style=\"display: none;\"><p>Ja, n\u00e5r det kommer til fastans\u00e6ttelse, arbejder vi kun i Danmark.<br \/>\nFor SAP-freelance support kan vi hj\u00e6lpe vores kunder over hele verden. <\/p>\n<\/div><\/div><div class=\"accordion-item\"><div class=\"accordion-title active fw-bold mb-0 h4\">Arbejder ITO kun inden for SAP?<\/div><div class=\"accordion-content\" style=\"display: none;\"><p>Ja \u2013 Vi tror p\u00e5, at det kr\u00e6ver en specialist at finde specialist. Vi betragter os selv som eksperter udi SAP rekruttering med unik erfaring om SAP-markedet. For vores kunder betyder det en partner, I kan sparre med om specifikke rekrutteringsbehov f.eks. kandidatmarkedet, jobbeskrivelse, timehorisont osv. <\/p>\n<\/div><\/div><div class=\"accordion-item\"><div class=\"accordion-title active fw-bold mb-0 h4\">Hvilke SAP-profiler kan ITO hj\u00e6lpe med at finde?<\/div><div class=\"accordion-content\" style=\"display: none;\"><p>Vi kan hj\u00e6lpe med alle kompetenceomr\u00e5der inden for SAP. Baseret p\u00e5 vores solide kendskab til SAP-markedet er vi i stand til at g\u00e5 i dialog med vores kunder om ethvert specifikt behov for en ny kollega. Vi kommer m\u00e5ske til at udfordre jer i l\u00f8bet af processen, og i vores indledende t\u00e6tte dialog vil vi sammen vurdere kompleksiteten af kravene til jobbet. I l\u00f8bet af den indledende proces vil vi altid v\u00e6re 100% transparente \u2013 det inkluderer ogs\u00e5 en evaluering fra os om vi tror, at det er realistisk at finde det rigtige match, og om ITO skal v\u00e6re jeres rekrutteringspartner p\u00e5 det specifikke behov. <\/p>\n<\/div><\/div><\/div>    <\/div>\n<\/div>\n<\/section>\n<style type=\"text\/css\">\n   #faq-wrp-block_f45d48bb54dfabc3395ff0f26895db5f h2{\n      color: ;\n    }\n    #faq-wrp-block_f45d48bb54dfabc3395ff0f26895db5f .faq_pre{\n        color: #696969;\n    }\n    #faq-wrp-block_f45d48bb54dfabc3395ff0f26895db5f .faq-background{\n      background-color: #e6e7f8;\n    }\n    #faq-wrp-block_f45d48bb54dfabc3395ff0f26895db5f .accordion-title{\n        color: ;\n    }\n    #faq-wrp-block_f45d48bb54dfabc3395ff0f26895db5f .accordion-content p{\n        color:#696969 ;\n    }\n\n  .faq-background {\n    max-width: 100%;\n    border-radius: 24px;\n    position: relative;\n    z-index: 9;\n   }\n   .faq-container {\n    max-width: 770px;\n    margin: 0 auto;\n    padding: 70px 20px;\n  }\n  .accordion-title {\n    position: relative;\n    margin-left: 25px;\n  }\n  .accordion-content p {\n    margin: 10px 10px 0px 10px;\n  }\n  .accordion-item {\n    background: #ffff;\n    border-radius: 16px !important;\n    border: none;\n    padding: 20px 40px;\n    margin-bottom: 20px;\n    cursor: pointer;\n  }\n  .accordion-title.active:after {\n    content: \" \";\n    position: absolute;\n    top: 3px;\n    left: -40px;\n    width: 21px;\n    height: 21px;\n    background-image: url('https:\/\/itoptimiser.com\/wp-content\/themes\/it-optimiser\/images\/add-circle-button-remove-cross-add.png');\n    background-size: cover;\n    background-color: #e6e7f8;\n  }\n  .accordion-item:first-child .accordion-title:before,\n  .accordion-title:before {\n    content: \" \";\n    position: absolute;\n    top: -6px;\n    left: -50px;\n    width: 40px;\n    height: 40px;\n    background-color: #e6e7f8;\n    border-radius: 100%;\n}\n  .accordion-item:first-child .accordion-title.active:after,\n  .accordion-title:after {\n    content: \" \";\n    position: absolute;\n    top: 3px;\n    left: -40px;\n    width: 21px;\n    background-image: url('https:\/\/itoptimiser.com\/wp-content\/themes\/it-optimiser\/images\/add-circle-button-remove.png');\n    height: 21px;\n    background-size: cover;\n    background-color: #e6e7f8;\n  }\n  .accordion-item:first-child .accordion-title:after {\n    content: \" \";\n    position: absolute;\n    top: 3px;\n    left: -40px;\n    width: 21px;\n    background-image: url('https:\/\/itoptimiser.com\/wp-content\/themes\/it-optimiser\/images\/add-circle-button-remove-cross-add.png');\n    height: 21px;\n    background-size: cover;\n    background-color: #e6e7f8;\n  }\n  \/**blue**\/\n  .faq-blue .accordion-item:first-child .accordion-title.active:after,\n  .faq-blue .accordion-title:after{\n    background-image: url('https:\/\/itoptimiser.com\/wp-content\/themes\/it-optimiser\/images\/faq-blue-remove.png');\n  }\n  .faq-blue .accordion-title.active:after,\n  .faq-blue .accordion-item:first-child .accordion-title:after {\n    background-image: url('https:\/\/itoptimiser.com\/wp-content\/themes\/it-optimiser\/images\/faq-blue-add.png');\n  }\n #faq-wrp-block_f45d48bb54dfabc3395ff0f26895db5f .JobListing-button-link{\n    font-size: 20px;\n    line-height: 22.3px;\n    font-weight: 700;\n    font-family: 'Comfortaa', sans-serif;\n    padding: 20px 41px;\n    border-radius: 50px;\n    text-decoration: none;\n    text-align: center;\n    margin: 0 auto;\n    display: table;\n    border: 1px solid;\n    width: fit-content;\n    align-items: center;\n}\n#faq-wrp-block_f45d48bb54dfabc3395ff0f26895db5f .JobListing-button-link{\n    background-color: ;\n    border-color: ;\n}\n#faq-wrp-block_f45d48bb54dfabc3395ff0f26895db5f .JobListing-button-link .JobListing-button-link-text{\n    color:  ; \n}\n#faq-wrp-block_f45d48bb54dfabc3395ff0f26895db5f .JobListing-button-link:hover{\n    background-color: ;\n    border-color: ; \n}\n#faq-wrp-block_f45d48bb54dfabc3395ff0f26895db5f .JobListing-button-link:hover svg path{\n    stroke: ;\n}\n#faq-wrp-block_f45d48bb54dfabc3395ff0f26895db5f .JobListing-button-link:hover .JobListing-button-link-text {\n    color:  ;\n}\n<\/style>\n\n\n","protected":false},"excerpt":{"rendered":"","protected":false},"author":1,"featured_media":0,"parent":4735,"menu_order":0,"comment_status":"closed","ping_status":"closed","template":"no-title-template.php","meta":{"_acf_changed":false,"inline_featured_image":false,"footnotes":""},"class_list":["post-4774","page","type-page","status-publish","hentry"],"acf":[],"yoast_head":"<!-- This site is optimized with the Yoast SEO plugin v27.2 - https:\/\/yoast.com\/product\/yoast-seo-wordpress\/ -->\n<title>FAQ for kunder - Ansatte - ITOptimiser<\/title>\n<meta name=\"robots\" content=\"index, follow, max-snippet:-1, max-image-preview:large, max-video-preview:-1\" \/>\n<link rel=\"canonical\" href=\"https:\/\/itoptimiser.com\/da\/faq\/faq-for-kunder-ansatte\/\" \/>\n<meta property=\"og:locale\" content=\"da_DK\" \/>\n<meta property=\"og:type\" content=\"article\" \/>\n<meta property=\"og:title\" content=\"FAQ for kunder - Ansatte - ITOptimiser\" \/>\n<meta property=\"og:url\" content=\"https:\/\/itoptimiser.com\/da\/faq\/faq-for-kunder-ansatte\/\" \/>\n<meta property=\"og:site_name\" content=\"ITOptimiser\" \/>\n<meta property=\"article:modified_time\" content=\"2025-03-13T15:33:39+00:00\" \/>\n<meta name=\"twitter:card\" content=\"summary_large_image\" \/>\n<script type=\"application\/ld+json\" class=\"yoast-schema-graph\">{\"@context\":\"https:\/\/schema.org\",\"@graph\":[{\"@type\":\"WebPage\",\"@id\":\"https:\/\/itoptimiser.com\/da\/faq\/faq-for-kunder-ansatte\/\",\"url\":\"https:\/\/itoptimiser.com\/da\/faq\/faq-for-kunder-ansatte\/\",\"name\":\"FAQ for kunder - Ansatte - ITOptimiser\",\"isPartOf\":{\"@id\":\"https:\/\/itoptimiser.com\/da\/#website\"},\"datePublished\":\"2024-04-15T19:11:32+00:00\",\"dateModified\":\"2025-03-13T15:33:39+00:00\",\"breadcrumb\":{\"@id\":\"https:\/\/itoptimiser.com\/da\/faq\/faq-for-kunder-ansatte\/#breadcrumb\"},\"inLanguage\":\"da-DK\",\"potentialAction\":[{\"@type\":\"ReadAction\",\"target\":[\"https:\/\/itoptimiser.com\/da\/faq\/faq-for-kunder-ansatte\/\"]}]},{\"@type\":\"BreadcrumbList\",\"@id\":\"https:\/\/itoptimiser.com\/da\/faq\/faq-for-kunder-ansatte\/#breadcrumb\",\"itemListElement\":[{\"@type\":\"ListItem\",\"position\":1,\"name\":\"Home\",\"item\":\"https:\/\/itoptimiser.com\/da\/\"},{\"@type\":\"ListItem\",\"position\":2,\"name\":\"FAQ\",\"item\":\"https:\/\/itoptimiser.com\/da\/faq\/\"},{\"@type\":\"ListItem\",\"position\":3,\"name\":\"FAQ for kunder &#8211; Ansatte\"}]},{\"@type\":\"WebSite\",\"@id\":\"https:\/\/itoptimiser.com\/da\/#website\",\"url\":\"https:\/\/itoptimiser.com\/da\/\",\"name\":\"ITOptimiser\",\"description\":\"ITOptimiser\",\"publisher\":{\"@id\":\"https:\/\/itoptimiser.com\/da\/#organization\"},\"potentialAction\":[{\"@type\":\"SearchAction\",\"target\":{\"@type\":\"EntryPoint\",\"urlTemplate\":\"https:\/\/itoptimiser.com\/da\/?s={search_term_string}\"},\"query-input\":{\"@type\":\"PropertyValueSpecification\",\"valueRequired\":true,\"valueName\":\"search_term_string\"}}],\"inLanguage\":\"da-DK\"},{\"@type\":\"Organization\",\"@id\":\"https:\/\/itoptimiser.com\/da\/#organization\",\"name\":\"ITOptimiser\",\"url\":\"https:\/\/itoptimiser.com\/da\/\",\"logo\":{\"@type\":\"ImageObject\",\"inLanguage\":\"da-DK\",\"@id\":\"https:\/\/itoptimiser.com\/da\/#\/schema\/logo\/image\/\",\"url\":\"https:\/\/itoptimiser.com\/wp-content\/uploads\/2024\/04\/PrimaryLogo.Wslogan-Color.svg\",\"contentUrl\":\"https:\/\/itoptimiser.com\/wp-content\/uploads\/2024\/04\/PrimaryLogo.Wslogan-Color.svg\",\"caption\":\"ITOptimiser\"},\"image\":{\"@id\":\"https:\/\/itoptimiser.com\/da\/#\/schema\/logo\/image\/\"}}]}<\/script>\n<!-- \/ Yoast SEO plugin. -->","yoast_head_json":{"title":"FAQ for kunder - Ansatte - ITOptimiser","robots":{"index":"index","follow":"follow","max-snippet":"max-snippet:-1","max-image-preview":"max-image-preview:large","max-video-preview":"max-video-preview:-1"},"canonical":"https:\/\/itoptimiser.com\/da\/faq\/faq-for-kunder-ansatte\/","og_locale":"da_DK","og_type":"article","og_title":"FAQ for kunder - Ansatte - ITOptimiser","og_url":"https:\/\/itoptimiser.com\/da\/faq\/faq-for-kunder-ansatte\/","og_site_name":"ITOptimiser","article_modified_time":"2025-03-13T15:33:39+00:00","twitter_card":"summary_large_image","schema":{"@context":"https:\/\/schema.org","@graph":[{"@type":"WebPage","@id":"https:\/\/itoptimiser.com\/da\/faq\/faq-for-kunder-ansatte\/","url":"https:\/\/itoptimiser.com\/da\/faq\/faq-for-kunder-ansatte\/","name":"FAQ for kunder - Ansatte - ITOptimiser","isPartOf":{"@id":"https:\/\/itoptimiser.com\/da\/#website"},"datePublished":"2024-04-15T19:11:32+00:00","dateModified":"2025-03-13T15:33:39+00:00","breadcrumb":{"@id":"https:\/\/itoptimiser.com\/da\/faq\/faq-for-kunder-ansatte\/#breadcrumb"},"inLanguage":"da-DK","potentialAction":[{"@type":"ReadAction","target":["https:\/\/itoptimiser.com\/da\/faq\/faq-for-kunder-ansatte\/"]}]},{"@type":"BreadcrumbList","@id":"https:\/\/itoptimiser.com\/da\/faq\/faq-for-kunder-ansatte\/#breadcrumb","itemListElement":[{"@type":"ListItem","position":1,"name":"Home","item":"https:\/\/itoptimiser.com\/da\/"},{"@type":"ListItem","position":2,"name":"FAQ","item":"https:\/\/itoptimiser.com\/da\/faq\/"},{"@type":"ListItem","position":3,"name":"FAQ for kunder &#8211; Ansatte"}]},{"@type":"WebSite","@id":"https:\/\/itoptimiser.com\/da\/#website","url":"https:\/\/itoptimiser.com\/da\/","name":"ITOptimiser","description":"ITOptimiser","publisher":{"@id":"https:\/\/itoptimiser.com\/da\/#organization"},"potentialAction":[{"@type":"SearchAction","target":{"@type":"EntryPoint","urlTemplate":"https:\/\/itoptimiser.com\/da\/?s={search_term_string}"},"query-input":{"@type":"PropertyValueSpecification","valueRequired":true,"valueName":"search_term_string"}}],"inLanguage":"da-DK"},{"@type":"Organization","@id":"https:\/\/itoptimiser.com\/da\/#organization","name":"ITOptimiser","url":"https:\/\/itoptimiser.com\/da\/","logo":{"@type":"ImageObject","inLanguage":"da-DK","@id":"https:\/\/itoptimiser.com\/da\/#\/schema\/logo\/image\/","url":"https:\/\/itoptimiser.com\/wp-content\/uploads\/2024\/04\/PrimaryLogo.Wslogan-Color.svg","contentUrl":"https:\/\/itoptimiser.com\/wp-content\/uploads\/2024\/04\/PrimaryLogo.Wslogan-Color.svg","caption":"ITOptimiser"},"image":{"@id":"https:\/\/itoptimiser.com\/da\/#\/schema\/logo\/image\/"}}]}},"_links":{"self":[{"href":"https:\/\/itoptimiser.com\/da\/wp-json\/wp\/v2\/pages\/4774","targetHints":{"allow":["GET"]}}],"collection":[{"href":"https:\/\/itoptimiser.com\/da\/wp-json\/wp\/v2\/pages"}],"about":[{"href":"https:\/\/itoptimiser.com\/da\/wp-json\/wp\/v2\/types\/page"}],"author":[{"embeddable":true,"href":"https:\/\/itoptimiser.com\/da\/wp-json\/wp\/v2\/users\/1"}],"replies":[{"embeddable":true,"href":"https:\/\/itoptimiser.com\/da\/wp-json\/wp\/v2\/comments?post=4774"}],"version-history":[{"count":9,"href":"https:\/\/itoptimiser.com\/da\/wp-json\/wp\/v2\/pages\/4774\/revisions"}],"predecessor-version":[{"id":9137,"href":"https:\/\/itoptimiser.com\/da\/wp-json\/wp\/v2\/pages\/4774\/revisions\/9137"}],"up":[{"embeddable":true,"href":"https:\/\/itoptimiser.com\/da\/wp-json\/wp\/v2\/pages\/4735"}],"wp:attachment":[{"href":"https:\/\/itoptimiser.com\/da\/wp-json\/wp\/v2\/media?parent=4774"}],"curies":[{"name":"wp","href":"https:\/\/api.w.org\/{rel}","templated":true}]}}