{"id":4770,"date":"2024-04-15T06:12:28","date_gmt":"2024-04-15T06:12:28","guid":{"rendered":"https:\/\/itoptimiser.com\/faq\/faq-for-kunder-freelance\/"},"modified":"2025-03-13T13:20:03","modified_gmt":"2025-03-13T13:20:03","slug":"faq-for-kunder-freelance","status":"publish","type":"page","link":"https:\/\/itoptimiser.com\/da\/faq\/faq-for-kunder-freelance\/","title":{"rendered":"FAQ for kunder &#8211; Freelance"},"content":{"rendered":"<section class=\"px-3 px-md-5 mb-3 pb-md-5 mb-md-5 herobanner herobanner_overlay herobanner-breadcrumb\" id=\"herobanner-block_6cb3c22795d90603a6c670aa133c04c7\">\n    <div class=\"container mx-auto position-relative text-white breadcrumb py-3 mb-2\"><a class=\"text-white breadcrumb-home\" href=\"https:\/\/itoptimiser.com\/da\/\" rel=\"nofollow\">Home<\/a><\/div><div class=\"col-md-11 bg-white mx-auto apply-form apply-database position-fixed top-0 w-100\" id=\"apply-database\">\n    <div class=\"cancel-btn\">\n        <svg xmlns=\"http:\/\/www.w3.org\/2000\/svg\" width=\"30\" height=\"30\" viewBox=\"0 0 30 30\" fill=\"none\">\n            <path d=\"M27.9703 2.0293L2.0293 27.9703\" stroke=\"#060E5B\" stroke-width=\"2.66667\" stroke-linecap=\"round\" stroke-linejoin=\"round\"\/>\n            <path d=\"M2.0293 2.0293L27.9703 27.9703\" stroke=\"#060E5B\" stroke-width=\"2.66667\" stroke-linecap=\"round\" stroke-linejoin=\"round\"\/>\n        <\/svg>\n    <\/div>\n    <ul class=\"progressbar col-md-4 mx-auto\">\n        <li class=\"active\"><\/li>\n        <li><\/li>\n        <li><\/li>\n      <\/ul>\n    <h2 class=\"fw-bold text-center mb-4 form-heading\">I am interested<\/h2>\n    <div class=\"bg-form-beige py-5 rounded-4\"><p class=\"wpcf7-contact-form-not-found\"><strong>Fejl:<\/strong> Kontaktformular ikke fundet.<\/p><div class=\"get_email text-center\">\n        <\/div>\n    <\/div>\n<\/div>\n    <div class=\"herobanner-container\">\n        <div class=\"Container banner-bg\">\n            <div class=\"hero-content ps-md-5\">\n                <div class=\"content-inner\">\n                                            <h1 class=\"fw-bold h2\">SAP Freelance Oftest stillede sp\u00f8rgsm\u00e5l<\/h1>\n                                          <p class=\"mb-2 pe-md-5\"><\/p>\n                <\/div><div class=\"banner-button d-flex mt-4 gap-4 flex-wrap\">                        <\/div>\n            <\/div>\n        <\/div>\n    <\/div>\n<\/section><div class=\"col-md-11 bg-white mx-auto apply-form position-fixed top-0 w-100\" id=\"book-call\">\n    <div class=\"cancel-btn\">\n        <svg xmlns=\"http:\/\/www.w3.org\/2000\/svg\" width=\"30\" height=\"30\" viewBox=\"0 0 30 30\" fill=\"none\">\n            <path d=\"M27.9703 2.0293L2.0293 27.9703\" stroke=\"#060E5B\" stroke-width=\"2.66667\" stroke-linecap=\"round\" stroke-linejoin=\"round\"\/>\n            <path d=\"M2.0293 2.0293L27.9703 27.9703\" stroke=\"#060E5B\" stroke-width=\"2.66667\" stroke-linecap=\"round\" stroke-linejoin=\"round\"\/>\n        <\/svg>\n    <\/div>\n    <h2 class=\"fw-bold text-center mb-4 form-heading\">Book a call slot with <br>\na IT Optimiser consultant<\/h2>\n    <div class=\"bg-form-secondary py-5 rounded-4\"><p class=\"wpcf7-contact-form-not-found\"><strong>Fejl:<\/strong> Kontaktformular ikke fundet.<\/p>    <div class=\"get_email text-center\">\n            <h3 class=\"fw-bold\">You will get an email soon<\/h3>\n            <p>Lorem Ipsum is simply dummy text of the printing and typesetting industry. Lorem Ipsum has been the industry&#8217;s standard dummy text ever since the 1500s, when an unknown printer took a galley of type and scrambled it to make a type specimen book.<\/p>\n        <\/div>\n    <\/div>\n<\/div>\n<style type=\"text\/css\">\n    #herobanner-block_6cb3c22795d90603a6c670aa133c04c7 .banner-bg {\n        background-image: url('https:\/\/itoptimiser.com\/wp-content\/uploads\/2024\/04\/pexels-yan-krukau-8867435-scaled.jpg');\n    }\n    #herobanner-block_6cb3c22795d90603a6c670aa133c04c7 .promotionbanner-container:before,\n    #herobanner-block_6cb3c22795d90603a6c670aa133c04c7 .herobanner-container:before {\n        background: #060e5b;\n    }\n    #herobanner-block_6cb3c22795d90603a6c670aa133c04c7 h1,\n    #herobanner-block_6cb3c22795d90603a6c670aa133c04c7 h2{\n        color: rgb(255,255,255);\n    }\n    #herobanner-block_6cb3c22795d90603a6c670aa133c04c7 p{\n        color: #ffffff;\n    }\n    \n    #herobanner-block_6cb3c22795d90603a6c670aa133c04c7 .promotion-content .content-inner{\n        max-width: 515;\n    }\n    #herobanner-block_6cb3c22795d90603a6c670aa133c04c7 .hero-content .content-inner{\n        max-width: 515;\n    }\n    .hero-content .banner-button svg{\n       width: 25px;\n       height: 27px;\n    }\n    <\/style>\n\n\n<section class=\"faq-wrp mx-3 mx-md-5 mb-5 my-md-5 faq-blue pb-md-5\" id=\"faq-wrp-block_196c708645067d7c0ed89144ef2e473f\">\n<div class=\"faq-background mx-md-0 mx-3\">\n    <style type=\"text\/css\">\n             #faq-wrp-block_196c708645067d7c0ed89144ef2e473f .faq-background:before {\n                content: \"\";\n                bottom: 1px;\n                right: 0;\n                position: absolute;\n                background-image: url('https:\/\/itoptimiser.com\/wp-content\/uploads\/2023\/12\/Graphic-1.png');\n                background-size: cover;\n                width: 50%;\n                height: 75%;\n                z-index: -1;\n             }\n          <\/style>    <div class=\"faq-container\">\n        <h2 class=\"fw-bold pb-2\">SAP | Freelance<\/h2>\n        <p class=\"faq_pre pb-3\">F\u00e5 svar p\u00e5 vores oftest stillede sp\u00f8rgsm\u00e5l fra vores kunder. T\u00f8v ikke med at kontakte os, hvis der er noget, du mangler svar p\u00e5.<\/p>\n    <div class=\"accordion-container\"><div class=\"accordion-item\"><div class=\"accordion-title active fw-bold mb-0 h4\">Er der en minimumsl\u00e6ngde p\u00e5 kontrakter, jeg kan hyre til gennem ITO?<\/div><div class=\"accordion-content\" style=\"display: none;\"><p>Der er ikke nogle krav til, hvor lang en kontrakt skal v\u00e6re, for at du kan bede ITO om hj\u00e6lp. Vi hj\u00e6lper med at l\u00f8se mange forskellige opgaver &#8211; alt fra et par timers hj\u00e6lp fra en specialist til rekruttering af langvarige fuldtidsprojekter. <\/p>\n<\/div><\/div><div class=\"accordion-item\"><div class=\"accordion-title active fw-bold mb-0 h4\">Kan ITO hj\u00e6lpe mig med at identificere og beskrive de kompetencer og profil(er), jeg har brug for?<\/div><div class=\"accordion-content\" style=\"display: none;\"><p>Ja! Vores fokus er at hj\u00e6lpe vores kunder med at finde de bedste og mest egnede konsulenter til opgaven. Som en del af vores rekrutteringsproces sikrer vi os altid, at vi har de samme forventninger til vores kunders behov for kompetencer. Det indeb\u00e6rer selvf\u00f8lgelig sparring og dialog for at sikre den rigtige beskrivelse af profiler, f\u00f8r vi begynder at s\u00f8ge efter det helt rigtige match. <\/p>\n<\/div><\/div><div class=\"accordion-item\"><div class=\"accordion-title active fw-bold mb-0 h4\">Er d\u00e9t, jeg leder, efter realistisk? \/ Kan ITO finde det, jeg s\u00f8ger? <\/div><div class=\"accordion-content\" style=\"display: none;\"><p>Vi er specialister i rekruttering af SAP-konsulenter. Derfor har vi omfattende viden om markedet b\u00e5de i Danmark og i udlandet. P\u00e5 grund af vores interne specialisters kendskab til markedet, kan vi altid assistere og r\u00e5dgive, hvis I f.eks. har behov for at vide, om en specifik kombination af kompetencer er realistisk at finde og\/eller er til r\u00e5dighed p\u00e5 et bestemt tidspunkt. <\/p>\n<\/div><\/div><div class=\"accordion-item\"><div class=\"accordion-title active fw-bold mb-0 h4\">Hvor mange egnede profiler modtager vi til et konkret job\/behov? <\/div><div class=\"accordion-content\" style=\"display: none;\"><p>Vi har en veletableret database med dygtige SAP freelance-specialister fra hele verden \u2013 hvoraf mange tidligere har arbejdet for IT Optimiser. Vores fokus er at finde den helt rigtige profil, der matcher jeres behov, og derfor mener vi, at antallet af kandidater er af mindre betydning i processen.<\/p>\n<\/div><\/div><div class=\"accordion-item\"><div class=\"accordion-title active fw-bold mb-0 h4\">Hvor lang tid tager processen? <\/div><div class=\"accordion-content\" style=\"display: none;\"><p>En stor fordel ved at hyre freelance-specialister via IT Optimiser er, at du f\u00e5r en hurtig &#8220;ramp-up&#8221; og en hurtig &#8220;ramp-down&#8221;. Vi sigter altid efter at arbejde inden for den tidsramme, vores kunder har givet os. Et \u00f8nske om &#8220;start i g\u00e5r&#8221; er ikke unormalt. Derfor er vi tit i stand til at kunne finde relevante kandidater inden for et par timer fra f\u00f8rste henvendelse. <\/p>\n<\/div><\/div><div class=\"accordion-item\"><div class=\"accordion-title active fw-bold mb-0 h4\">Hvordan ser rekrutteringsprocessen ud?<\/div><div class=\"accordion-content\" style=\"display: none;\"><p>Vi g\u00f8r vores bedste for at g\u00f8re processen s\u00e5 simpel som muligt for vores kunder. N\u00e5r vi har forventningsafstemt krav og behov,  g\u00e5r vi i gang med vores &#8216;behind the scenes&#8217;-magi. I vil blive orienteret igennem hele processen, og den n\u00e6ste opgave for jer er at evaluere de profiler, vi fremsender. Et interview er det naturlige n\u00e6ste skridt, enten online eller ved et fysisk m\u00f8de. N\u00e5r alle er n\u00e5et til enighed, skal vi blot have det kontraktuelle p\u00e5 plads. Lyder det simpelt og nemt?&#8230;.. det er det ogs\u00e5!<\/p>\n<\/div><\/div><div class=\"accordion-item\"><div class=\"accordion-title active fw-bold mb-0 h4\">Hvilke informationer skal ITO bruge for at komme i gang med at finde en freelance-specialist?<\/div><div class=\"accordion-content\" style=\"display: none;\"><p>Jo mere information, vi har, desto nemmere er det for os at &#8220;g\u00e5 i markedet&#8221; for at finde det rigtige match f\u00f8rst gang.  Udover information om \u00f8nskede kompetencer, skal vi bruge bruge information som lokation, startdato, l\u00e6ngde osv. Men bare rolig \u2013 du beh\u00f8ver ikke selv t\u00e6nke p\u00e5 det hele upfront. Vi skal nok s\u00f8rge for at f\u00e5 afd\u00e6kket det hele n\u00e5r vi tager den indledende dialog. <\/p>\n<\/div><\/div><div class=\"accordion-item\"><div class=\"accordion-title active fw-bold mb-0 h4\">Hvad koster det mig mig at hyre en SAP freelance-specialist?<\/div><div class=\"accordion-content\" style=\"display: none;\"><p>N\u00e5r det g\u00e6lder freelancerekruttering arbejder IT Optimiser efter princippet &#8220;no cure no pay&#8221;. Det betyder I kun betaler for den \/ de konsulenter I ender med at kontraktans\u00e6tte. Skulle I ende med ikke at hyre nogle af de kandidater, ITO har fremsendt koster vores ydelse ikke noget.. Vores honorar er inkluderet i det aftalte honorar for den SAP-konsulent, I ender med at onboarde. <\/p>\n<\/div><\/div><div class=\"accordion-item\"><div class=\"accordion-title active fw-bold mb-0 h4\">Leverer IT Optimiser kun SAP freelance-specialister i Danmark?<\/div><div class=\"accordion-content\" style=\"display: none;\"><p>Nej. IT Optimiser har et omfattende globalt netv\u00e6rk af dygtige SAP-specialister. Vi har siden 2012 hjulpet vores kunder p\u00e5 de fleste kontinenter med at finde det rigtige SAP-talent. Vi har hjulpet vores kunder i en lang r\u00e6kke lande med lokale SAP-specialister herunder: Italien, Polen, Spanien, Kina, Indien, USA, Canada, Peru, Brasilien osv. osv.<\/p>\n<\/div><\/div><div class=\"accordion-item\"><div class=\"accordion-title active fw-bold mb-0 h4\">Kan ITO levere offshore ressourcer?<\/div><div class=\"accordion-content\" style=\"display: none;\"><p>Ja. IT Optimiser kan hj\u00e6lpe med b\u00e5de offshore og nearshore ressourcer inden for alle omr\u00e5der af SAP. <\/p>\n<\/div><\/div><div class=\"accordion-item\"><div class=\"accordion-title active fw-bold mb-0 h4\">Arbejder ITO kun inden for SAP?<\/div><div class=\"accordion-content\" style=\"display: none;\"><p>Ja \u2013 vi leverer kun konsulenter med fokus p\u00e5 SAP. Vi tror p\u00e5, at det kr\u00e6ver specialister at finde specialister. Vi er eksperter udi SAP-rekruttering herunder en enorm viden om det globale SAP-marked. For vores kunder betyder det, at I har en partner I kan sparre med om specifikke behov til jeres rekruttering, f.eks. specifikation af kontraktbehov, realistiske forventninger til rekruttering, budget osv. <\/p>\n<\/div><\/div><div class=\"accordion-item\"><div class=\"accordion-title active fw-bold mb-0 h4\">Hvilke profiler kan ITO levere inden for SAP?<\/div><div class=\"accordion-content\" style=\"display: none;\"><p>IT Optimiser har direkte kontakt til flere tusinde dygtige SAP-specialister spredt over hele verden. Alene i Danmark vurderer vi at have direkte adgang til 99%+ af det danske freelance-marked. Netop derfor er vi i stand til at matche ethvert specifikt kundebehov til det rigtige match af SAP-specialister b\u00e5de lokalt og globalt.<\/p>\n<\/div><\/div><div class=\"accordion-item\"><div class=\"accordion-title active fw-bold mb-0 h4\">Arbejder ITO med en partnerk\u00e6de, n\u00e5r der skal findes kandidater?<\/div><div class=\"accordion-content\" style=\"display: none;\"><p>Vi bruger ikke eksterne partnere til at finde det rigtige match mellem kunde og specialist. Det f\u00f8rer ofte til information &#8220;lost in translation&#8221;, l\u00e6ngere leveringstid og fordyrende mellemled. Betragt IT Optimiser som jeres direkte kontakt til det globale SAP freelancemarked. <\/p>\n<\/div><\/div><\/div>    <\/div>\n<\/div>\n<\/section>\n<style type=\"text\/css\">\n   #faq-wrp-block_196c708645067d7c0ed89144ef2e473f h2{\n      color: ;\n    }\n    #faq-wrp-block_196c708645067d7c0ed89144ef2e473f .faq_pre{\n        color: #696969;\n    }\n    #faq-wrp-block_196c708645067d7c0ed89144ef2e473f .faq-background{\n      background-color: #e6e7f8;\n    }\n    #faq-wrp-block_196c708645067d7c0ed89144ef2e473f .accordion-title{\n        color: ;\n    }\n    #faq-wrp-block_196c708645067d7c0ed89144ef2e473f .accordion-content p{\n        color:#696969 ;\n    }\n\n  .faq-background {\n    max-width: 100%;\n    border-radius: 24px;\n    position: relative;\n    z-index: 9;\n   }\n   .faq-container {\n    max-width: 770px;\n    margin: 0 auto;\n    padding: 70px 20px;\n  }\n  .accordion-title {\n    position: relative;\n    margin-left: 25px;\n  }\n  .accordion-content p {\n    margin: 10px 10px 0px 10px;\n  }\n  .accordion-item {\n    background: #ffff;\n    border-radius: 16px !important;\n    border: none;\n    padding: 20px 40px;\n    margin-bottom: 20px;\n    cursor: pointer;\n  }\n  .accordion-title.active:after {\n    content: \" \";\n    position: absolute;\n    top: 3px;\n    left: -40px;\n    width: 21px;\n    height: 21px;\n    background-image: url('https:\/\/itoptimiser.com\/wp-content\/themes\/it-optimiser\/images\/add-circle-button-remove-cross-add.png');\n    background-size: cover;\n    background-color: #e6e7f8;\n  }\n  .accordion-item:first-child .accordion-title:before,\n  .accordion-title:before {\n    content: \" \";\n    position: absolute;\n    top: -6px;\n    left: -50px;\n    width: 40px;\n    height: 40px;\n    background-color: #e6e7f8;\n    border-radius: 100%;\n}\n  .accordion-item:first-child .accordion-title.active:after,\n  .accordion-title:after {\n    content: \" \";\n    position: absolute;\n    top: 3px;\n    left: -40px;\n    width: 21px;\n    background-image: url('https:\/\/itoptimiser.com\/wp-content\/themes\/it-optimiser\/images\/add-circle-button-remove.png');\n    height: 21px;\n    background-size: cover;\n    background-color: #e6e7f8;\n  }\n  .accordion-item:first-child .accordion-title:after {\n    content: \" \";\n    position: absolute;\n    top: 3px;\n    left: -40px;\n    width: 21px;\n    background-image: url('https:\/\/itoptimiser.com\/wp-content\/themes\/it-optimiser\/images\/add-circle-button-remove-cross-add.png');\n    height: 21px;\n    background-size: cover;\n    background-color: #e6e7f8;\n  }\n  \/**blue**\/\n  .faq-blue .accordion-item:first-child .accordion-title.active:after,\n  .faq-blue .accordion-title:after{\n    background-image: url('https:\/\/itoptimiser.com\/wp-content\/themes\/it-optimiser\/images\/faq-blue-remove.png');\n  }\n  .faq-blue .accordion-title.active:after,\n  .faq-blue .accordion-item:first-child .accordion-title:after {\n    background-image: url('https:\/\/itoptimiser.com\/wp-content\/themes\/it-optimiser\/images\/faq-blue-add.png');\n  }\n #faq-wrp-block_196c708645067d7c0ed89144ef2e473f .JobListing-button-link{\n    font-size: 20px;\n    line-height: 22.3px;\n    font-weight: 700;\n    font-family: 'Comfortaa', sans-serif;\n    padding: 20px 41px;\n    border-radius: 50px;\n    text-decoration: none;\n    text-align: center;\n    margin: 0 auto;\n    display: table;\n    border: 1px solid;\n    width: fit-content;\n    align-items: center;\n}\n#faq-wrp-block_196c708645067d7c0ed89144ef2e473f .JobListing-button-link{\n    background-color: ;\n    border-color: ;\n}\n#faq-wrp-block_196c708645067d7c0ed89144ef2e473f .JobListing-button-link .JobListing-button-link-text{\n    color:  ; \n}\n#faq-wrp-block_196c708645067d7c0ed89144ef2e473f .JobListing-button-link:hover{\n    background-color: ;\n    border-color: ; \n}\n#faq-wrp-block_196c708645067d7c0ed89144ef2e473f .JobListing-button-link:hover svg path{\n    stroke: ;\n}\n#faq-wrp-block_196c708645067d7c0ed89144ef2e473f .JobListing-button-link:hover .JobListing-button-link-text {\n    color:  ;\n}\n<\/style>\n\n\n","protected":false},"excerpt":{"rendered":"","protected":false},"author":1,"featured_media":0,"parent":4735,"menu_order":0,"comment_status":"closed","ping_status":"closed","template":"no-title-template.php","meta":{"_acf_changed":false,"inline_featured_image":false,"footnotes":""},"class_list":["post-4770","page","type-page","status-publish","hentry"],"acf":[],"yoast_head":"<!-- This site is optimized with the Yoast SEO plugin v27.2 - https:\/\/yoast.com\/product\/yoast-seo-wordpress\/ -->\n<title>FAQ for kunder - Freelance - ITOptimiser<\/title>\n<meta name=\"robots\" content=\"index, follow, max-snippet:-1, max-image-preview:large, max-video-preview:-1\" \/>\n<link rel=\"canonical\" href=\"https:\/\/itoptimiser.com\/da\/faq\/faq-for-kunder-freelance\/\" \/>\n<meta property=\"og:locale\" content=\"da_DK\" \/>\n<meta property=\"og:type\" content=\"article\" \/>\n<meta property=\"og:title\" content=\"FAQ for kunder - Freelance - ITOptimiser\" \/>\n<meta property=\"og:url\" content=\"https:\/\/itoptimiser.com\/da\/faq\/faq-for-kunder-freelance\/\" \/>\n<meta property=\"og:site_name\" content=\"ITOptimiser\" \/>\n<meta property=\"article:modified_time\" content=\"2025-03-13T13:20:03+00:00\" \/>\n<meta name=\"twitter:card\" content=\"summary_large_image\" \/>\n<script type=\"application\/ld+json\" class=\"yoast-schema-graph\">{\"@context\":\"https:\/\/schema.org\",\"@graph\":[{\"@type\":\"WebPage\",\"@id\":\"https:\/\/itoptimiser.com\/da\/faq\/faq-for-kunder-freelance\/\",\"url\":\"https:\/\/itoptimiser.com\/da\/faq\/faq-for-kunder-freelance\/\",\"name\":\"FAQ for kunder - Freelance - ITOptimiser\",\"isPartOf\":{\"@id\":\"https:\/\/itoptimiser.com\/da\/#website\"},\"datePublished\":\"2024-04-15T06:12:28+00:00\",\"dateModified\":\"2025-03-13T13:20:03+00:00\",\"breadcrumb\":{\"@id\":\"https:\/\/itoptimiser.com\/da\/faq\/faq-for-kunder-freelance\/#breadcrumb\"},\"inLanguage\":\"da-DK\",\"potentialAction\":[{\"@type\":\"ReadAction\",\"target\":[\"https:\/\/itoptimiser.com\/da\/faq\/faq-for-kunder-freelance\/\"]}]},{\"@type\":\"BreadcrumbList\",\"@id\":\"https:\/\/itoptimiser.com\/da\/faq\/faq-for-kunder-freelance\/#breadcrumb\",\"itemListElement\":[{\"@type\":\"ListItem\",\"position\":1,\"name\":\"Home\",\"item\":\"https:\/\/itoptimiser.com\/da\/\"},{\"@type\":\"ListItem\",\"position\":2,\"name\":\"FAQ\",\"item\":\"https:\/\/itoptimiser.com\/da\/faq\/\"},{\"@type\":\"ListItem\",\"position\":3,\"name\":\"FAQ for kunder &#8211; Freelance\"}]},{\"@type\":\"WebSite\",\"@id\":\"https:\/\/itoptimiser.com\/da\/#website\",\"url\":\"https:\/\/itoptimiser.com\/da\/\",\"name\":\"ITOptimiser\",\"description\":\"ITOptimiser\",\"publisher\":{\"@id\":\"https:\/\/itoptimiser.com\/da\/#organization\"},\"potentialAction\":[{\"@type\":\"SearchAction\",\"target\":{\"@type\":\"EntryPoint\",\"urlTemplate\":\"https:\/\/itoptimiser.com\/da\/?s={search_term_string}\"},\"query-input\":{\"@type\":\"PropertyValueSpecification\",\"valueRequired\":true,\"valueName\":\"search_term_string\"}}],\"inLanguage\":\"da-DK\"},{\"@type\":\"Organization\",\"@id\":\"https:\/\/itoptimiser.com\/da\/#organization\",\"name\":\"ITOptimiser\",\"url\":\"https:\/\/itoptimiser.com\/da\/\",\"logo\":{\"@type\":\"ImageObject\",\"inLanguage\":\"da-DK\",\"@id\":\"https:\/\/itoptimiser.com\/da\/#\/schema\/logo\/image\/\",\"url\":\"https:\/\/itoptimiser.com\/wp-content\/uploads\/2024\/04\/PrimaryLogo.Wslogan-Color.svg\",\"contentUrl\":\"https:\/\/itoptimiser.com\/wp-content\/uploads\/2024\/04\/PrimaryLogo.Wslogan-Color.svg\",\"caption\":\"ITOptimiser\"},\"image\":{\"@id\":\"https:\/\/itoptimiser.com\/da\/#\/schema\/logo\/image\/\"}}]}<\/script>\n<!-- \/ Yoast SEO plugin. -->","yoast_head_json":{"title":"FAQ for kunder - Freelance - ITOptimiser","robots":{"index":"index","follow":"follow","max-snippet":"max-snippet:-1","max-image-preview":"max-image-preview:large","max-video-preview":"max-video-preview:-1"},"canonical":"https:\/\/itoptimiser.com\/da\/faq\/faq-for-kunder-freelance\/","og_locale":"da_DK","og_type":"article","og_title":"FAQ for kunder - Freelance - ITOptimiser","og_url":"https:\/\/itoptimiser.com\/da\/faq\/faq-for-kunder-freelance\/","og_site_name":"ITOptimiser","article_modified_time":"2025-03-13T13:20:03+00:00","twitter_card":"summary_large_image","schema":{"@context":"https:\/\/schema.org","@graph":[{"@type":"WebPage","@id":"https:\/\/itoptimiser.com\/da\/faq\/faq-for-kunder-freelance\/","url":"https:\/\/itoptimiser.com\/da\/faq\/faq-for-kunder-freelance\/","name":"FAQ for kunder - Freelance - ITOptimiser","isPartOf":{"@id":"https:\/\/itoptimiser.com\/da\/#website"},"datePublished":"2024-04-15T06:12:28+00:00","dateModified":"2025-03-13T13:20:03+00:00","breadcrumb":{"@id":"https:\/\/itoptimiser.com\/da\/faq\/faq-for-kunder-freelance\/#breadcrumb"},"inLanguage":"da-DK","potentialAction":[{"@type":"ReadAction","target":["https:\/\/itoptimiser.com\/da\/faq\/faq-for-kunder-freelance\/"]}]},{"@type":"BreadcrumbList","@id":"https:\/\/itoptimiser.com\/da\/faq\/faq-for-kunder-freelance\/#breadcrumb","itemListElement":[{"@type":"ListItem","position":1,"name":"Home","item":"https:\/\/itoptimiser.com\/da\/"},{"@type":"ListItem","position":2,"name":"FAQ","item":"https:\/\/itoptimiser.com\/da\/faq\/"},{"@type":"ListItem","position":3,"name":"FAQ for kunder &#8211; Freelance"}]},{"@type":"WebSite","@id":"https:\/\/itoptimiser.com\/da\/#website","url":"https:\/\/itoptimiser.com\/da\/","name":"ITOptimiser","description":"ITOptimiser","publisher":{"@id":"https:\/\/itoptimiser.com\/da\/#organization"},"potentialAction":[{"@type":"SearchAction","target":{"@type":"EntryPoint","urlTemplate":"https:\/\/itoptimiser.com\/da\/?s={search_term_string}"},"query-input":{"@type":"PropertyValueSpecification","valueRequired":true,"valueName":"search_term_string"}}],"inLanguage":"da-DK"},{"@type":"Organization","@id":"https:\/\/itoptimiser.com\/da\/#organization","name":"ITOptimiser","url":"https:\/\/itoptimiser.com\/da\/","logo":{"@type":"ImageObject","inLanguage":"da-DK","@id":"https:\/\/itoptimiser.com\/da\/#\/schema\/logo\/image\/","url":"https:\/\/itoptimiser.com\/wp-content\/uploads\/2024\/04\/PrimaryLogo.Wslogan-Color.svg","contentUrl":"https:\/\/itoptimiser.com\/wp-content\/uploads\/2024\/04\/PrimaryLogo.Wslogan-Color.svg","caption":"ITOptimiser"},"image":{"@id":"https:\/\/itoptimiser.com\/da\/#\/schema\/logo\/image\/"}}]}},"_links":{"self":[{"href":"https:\/\/itoptimiser.com\/da\/wp-json\/wp\/v2\/pages\/4770","targetHints":{"allow":["GET"]}}],"collection":[{"href":"https:\/\/itoptimiser.com\/da\/wp-json\/wp\/v2\/pages"}],"about":[{"href":"https:\/\/itoptimiser.com\/da\/wp-json\/wp\/v2\/types\/page"}],"author":[{"embeddable":true,"href":"https:\/\/itoptimiser.com\/da\/wp-json\/wp\/v2\/users\/1"}],"replies":[{"embeddable":true,"href":"https:\/\/itoptimiser.com\/da\/wp-json\/wp\/v2\/comments?post=4770"}],"version-history":[{"count":10,"href":"https:\/\/itoptimiser.com\/da\/wp-json\/wp\/v2\/pages\/4770\/revisions"}],"predecessor-version":[{"id":9096,"href":"https:\/\/itoptimiser.com\/da\/wp-json\/wp\/v2\/pages\/4770\/revisions\/9096"}],"up":[{"embeddable":true,"href":"https:\/\/itoptimiser.com\/da\/wp-json\/wp\/v2\/pages\/4735"}],"wp:attachment":[{"href":"https:\/\/itoptimiser.com\/da\/wp-json\/wp\/v2\/media?parent=4770"}],"curies":[{"name":"wp","href":"https:\/\/api.w.org\/{rel}","templated":true}]}}