{"id":4757,"date":"2023-11-29T06:49:53","date_gmt":"2023-11-29T06:49:53","guid":{"rendered":"https:\/\/itoptimiser.com\/persondatapolitik\/"},"modified":"2025-01-01T14:30:13","modified_gmt":"2025-01-01T14:30:13","slug":"persondatapolitik","status":"publish","type":"page","link":"https:\/\/itoptimiser.com\/da\/om-os-da\/persondatapolitik\/","title":{"rendered":"Persondatapolitik"},"content":{"rendered":"\n<div class=\"wp-block-columns is-layout-flex wp-container-core-columns-is-layout-9d6595d7 wp-block-columns-is-layout-flex\">\n<div class=\"wp-block-column is-layout-flow wp-block-column-is-layout-flow\" style=\"flex-basis:33.33%\"><ul class=\"simpletoc-list\">\n\n<li><a href=\"#1-dataansvarlig\">1. Dataansvarlig<\/a>\n\n<\/li>\n<li><a href=\"#2-hvordan-indsamler-it-optimiser-oplysninger\">2. Hvordan indsamler IT Optimiser oplysninger?<\/a>\n\n<\/li>\n<li><a href=\"#3-hvilke-personoplysninger-indsamler-it-optimiser\">3. Hvilke personoplysninger indsamler IT Optimiser?<\/a>\n\n\n<ul><li>\n<a href=\"#saerligt-om-cookies\">S\u00e6rligt om cookies<\/a>\n\n<\/li>\n<\/ul>\n<li><a href=\"#4-formaal-med-indsamling\">4. Form\u00e5l med indsamling<\/a>\n\n\n<ul><li>\n<a href=\"#saerligt-om-formaalet-med-cookies\">S\u00e6rligt om form\u00e5let med Cookies<\/a>\n\n<\/li>\n<\/ul>\n<li><a href=\"#5-juridisk-grundlag-for-behandling-af-dine-personoplysninger\">5. Juridisk grundlag for behandling af dine personoplysninger<\/a>\n\n<\/li>\n<li><a href=\"#6-hvordan-deler-it-optimiser-dine-personoplysninger\">6. Hvordan deler IT Optimiser dine personoplysninger?<\/a>\n\n<\/li>\n<li><a href=\"#7-dine-generelle-rettigheder-vedr-dine-personoplysninger\">7. Dine generelle rettigheder vedr. dine personoplysninger<\/a>\n\n<\/li>\n<li><a href=\"#8-sletning-af-personoplysninger\">8. Sletning af personoplysninger<\/a>\n\n\n<ul><li>\n<a href=\"#vedr-konsulenter\">Vedr. konsulenter<\/a>\n\n<\/li>\n<li><a href=\"#vedr-jobansoegninger\">Vedr. jobans\u00f8gninger<\/a>\n\n<\/li>\n<li><a href=\"#generelt\">Generelt<\/a>\n\n<\/li>\n<\/ul>\n<li><a href=\"#9-klage-til-datatilsynet\">9. Klage til Datatilsynet<\/a>\n\n<\/li>\n<li><a href=\"#10-kontaktoplysninger-paa-den-dataansvarlige\">10. Kontaktoplysninger p\u00e5 den dataansvarlige<\/a>\n<\/li><\/ul><\/div>\n\n\n\n<div class=\"wp-block-column is-layout-flow wp-block-column-is-layout-flow\" style=\"flex-basis:66.66%\"><h2 class=\"wp-block-heading mb-4\" style=\"font-style:normal;font-weight:700\" id=\"baggrund\">Baggrund<\/h2>\n\n\n<p class=\"has-text-color has-link-color wp-elements-fba4f23e07d0403865725a82a19de3fd\" style=\"color:#696969\">I IT Optimisers persondatapolitik redeg\u00f8res for hvordan IT Optimiser anvender de personoplysninger, du efterlader dig, n\u00e5r du bes\u00f8ger IT Optimisers hjemmeside, n\u00e5r du optages i IT Optimisers konsulentdatabase, samt n\u00e5r du indg\u00e5r et kontraktforhold med IT Optimiser, eller en ekstern samarbejdspartner.<\/p>\n\n\n<h3 class=\"wp-block-heading mb-4 pt-4\" style=\"font-style:normal;font-weight:700\" id=\"1-dataansvarlig\">1. Dataansvarlig<\/h3>\n\n\n<p>IT Optimiser ApS (herefter \u201dIT Optimiser\u201d) er dataansvarlig for de personoplysninger, der indsamles via hjemmesiden www.itoptimiser.com, samt for de informationer, der indsamles i forbindelse med rekruttering af konsulenter og ved indg\u00e5else af kontraktforhold.<\/p>\n\n\n\n<p>Behandlingen af personoplysninger sker i overensstemmelse med g\u00e6ldende lovgivning, herunder Lov 2018-05-23 nr. 502 om supplerende bestemmelser til forordning om beskyttelse af fysiske personer i forbindelse med behandling af personoplysninger og om fri udveksling af s\u00e5danne oplysninger (Databeskyttelsesloven), samt i overensstemmelse med Europa-Parlamentets og R\u00e5dets forordning (EU) 2016\/679 af 27. april 2016 om beskyttelse af fysiske personer i forbindelse med behandling af personoplysninger og om fri udveksling af s\u00e5danne oplysninger mv. (Databeskyttelsesforordningen).<\/p>\n\n\n\n<p>IT Optimisers kontaktoplysninger er:<\/p>\n\n\n\n<p>IT Optimiser<\/p>\n\n\n\n<p>Adelgade 35a st. tv.<\/p>\n\n\n\n<p>DK-8660 Skanderborg<br\/>Danmark<\/p>\n\n\n\n<p>Att.: Legal<\/p>\n\n\n\n<p>E-mail: gdpr@itoptimiser.com<\/p>\n\n\n<h3 class=\"wp-block-heading mb-4 pt-4\" style=\"font-style:normal;font-weight:700\" id=\"2-hvordan-indsamler-it-optimiser-oplysninger\">2. Hvordan indsamler IT Optimiser oplysninger?<\/h3>\n\n\n<p>IT Optimiser kan indsamle personoplysninger p\u00e5 f\u00f8lgende m\u00e5der:<\/p>\n\n\n\n<ul class=\"wp-block-list\">\n<li>N\u00e5r du henvender dig til IT Optimiser<\/li>\n\n\n\n<li>N\u00e5r IT Optimiser henvender sig til dig<\/li>\n\n\n\n<li>Fra personer, der handler p\u00e5 dine vegne<\/li>\n\n\n\n<li>Fra Cookies p\u00e5 IT Optimisers hjemmeside<\/li>\n\n\n\n<li>Fra Sociale medier og offentlige registre<\/li>\n\n\n\n<li>Fra nationale og internationale myndigheder<\/li>\n\n\n\n<li>\uf0d8 N\u00e5r du indg\u00e5r et kontraktforhold med IT Optimiser<\/li>\n<\/ul>\n\n\n<h3 class=\"wp-block-heading\" id=\"3-hvilke-personoplysninger-indsamler-it-optimiser\">3. Hvilke personoplysninger indsamler IT Optimiser?<\/h3>\n\n\n<p>Karakteren af de oplysninger, der indsamles, afh\u00e6nger af hvordan du er i kontakt med IT Optimiser. Der er f.eks. forskel p\u00e5, om du har et kontraktforhold til IT Optimiser, eller blot bes\u00f8ger IT Optimisers hjemmeside.<\/p>\n\n\n\n<p>IT Optimiser indsamler bl.a. f\u00f8lgende personoplysninger:<\/p>\n\n\n\n<figure class=\"wp-block-table\"><table><tbody><tr><td>Bes\u00f8gende p\u00e5 hjemmeside<\/td><td>Ansatte<\/td><td>Freelancere<\/td><\/tr><tr><td>IP-adresse<br\/>Data fra cookies<\/td><td>Navn<br\/>Adresse<br\/>Telefonnummer<br\/>E-mailadresse<br\/>Bankoplysninger<br\/>CV<br\/>Dokumentation for certificeringer<br\/>Skype ID (arbejde)<br\/>Jobans\u00f8gninger<br\/>Personnummer<br\/>Skattem\u00e6ssige oplysninger<br\/>Straffeattest<\/td><td>Navn<br\/>Adresse<br\/>Telefonnummer<br\/>E-mailadresse<br\/>Bankoplysninger<br\/>CV<br\/>Dokumentation for certificeringer<br\/>Billede-ID<br\/>Nationalitet<br\/>Ophold- og arbejdstilladelse<br\/>Skattem\u00e6ssige oplysninger<br\/>Straffeattest<\/td><\/tr><\/tbody><\/table><\/figure>\n\n\n\n<p>Det skal bem\u00e6rkes, at visse af de n\u00e6vnte oplysninger betegnes som f\u00f8lsomme oplysninger, der kun kan behandles af IT Optimiser efter s\u00e6rskilt indhentet samtykke. YDu vil derfor f\u00e5 mulighed for at give samtykke til IT Optimisers behandling af disse f\u00f8lsomme oplysninger, hvor det er relevant, jf. persondataforordningens art. 9.<\/p>\n\n\n\n<p>Bem\u00e6rk, at et afgivet samtykke altid kan tr\u00e6kkes tilbage igen ved henvendelse til IT Optimiser.<\/p>\n\n\n<h4 class=\"wp-block-heading\" id=\"saerligt-om-cookies\"><em>S\u00e6rligt om cookies<\/em><\/h4>\n\n\n<p>N\u00e5r du bes\u00f8ger IT Optimisers hjemmeside, placeres en cookie p\u00e5 din enhed (computer, smartphone, tablet osv.). En cookie er en lille tekstfil, der placeres i din browser, og som s\u00e6tter IT Optimiser i stand til at registrere oplysninger om enheder, der bes\u00f8ger hjemmesiden. De informationer, der modtages fra cookies, er anonyme. Du kan sl\u00e5 lagring af cookies fra under indstillinger p\u00e5 din enhed, s\u00e5dan at der slet ikke placeres nogen cookie p\u00e5 din enhed.<\/p>\n\n\n<h3 class=\"wp-block-heading\" id=\"4-formaal-med-indsamling\"><strong>4. Form\u00e5l med indsamling<\/strong><\/h3>\n\n\n<p>IT Optimiser indsamler udelukkende de personoplysninger, der er n\u00f8dvendige for at opfylde et defineret form\u00e5l. De indsamlede personoplysninger bruges kun til det form\u00e5l, hvortil de er indsamlet. Personoplysningerne behandles kun n\u00e5r det er n\u00f8dvendigt og kun af relevant personale.<\/p>\n\n\n\n<p>IT Optimisers form\u00e5l med indsamling af personoplysninger omfatter:<\/p>\n\n\n\n<ul class=\"wp-block-list\">\n<li>Administration af korrespondance med dig<\/li>\n\n\n\n<li>Oprettelse af din profil i IT Optimisers konsulentdatabase<\/li>\n\n\n\n<li>Analytiske form\u00e5l vedr. udv\u00e6lgelse af kandidater baseret p\u00e5 CV og f\u00e6rdigheder (ikke faktisk profilering)<\/li>\n\n\n\n<li>Opfyldelse af din anmodning om vores ydelser<\/li>\n\n\n\n<li>Administration af din relation til IT Optimiser og eksterne samarbejdspartnere<\/li>\n\n\n\n<li>Administration af brugen af IT Optimisers hjemmeside<\/li>\n\n\n\n<li>Opfyldelse af lovkrav<\/li>\n<\/ul>\n\n\n<h4 class=\"wp-block-heading\" id=\"saerligt-om-formaalet-med-cookies\"><em>S\u00e6rligt om form\u00e5let med Cookies<\/em><\/h4>\n\n\n<p>IT Optimiser bruger Cookies, for at g\u00f8re det nemmere for dig at benytte IT Optimisers hjemmeside, s\u00e5dan at du ikke skal starte forfra med at indtaste dine informationer, hver gang du bes\u00f8ger hjemmesiden.<\/p>\n\n\n\n<p>Cookies kan bl.a. registrere: hvor lang tid du er p\u00e5 hjemmesiden, hvilke sider, der l\u00e6ses, om du har bes\u00f8gt hjemmesiden f\u00f8r og hvilket styresystem du bruger.<\/p>\n\n\n<h3 class=\"wp-block-heading\" id=\"5-juridisk-grundlag-for-behandling-af-dine-personoplysninger\"><strong>5. Juridisk grundlag for behandling af dine personoplysninger<\/strong><\/h3>\n\n\n<p>Behandlingen af dine almindelige personoplysninger som navn, adresse, telefonnummer og e-mailadresse, sker jf. databeskyttelsesforordningens artikel 6, stk. 1, litra f, for at forf\u00f8lge IT Optimisers legitime interesse vedr. rekruttering, med mindre din interesse g\u00e5r forud. Der foretages altid en konkret vurdering af dette.<\/p>\n\n\n\n<p>IT Optimiser kan ogs\u00e5 behandle dine personoplysninger p\u00e5 baggrund af et samtykke, du har afgivet s\u00e6rskilt, jf. databeskyttelsesforordningens artikel 6, stk. 1, litra a, samt artikel 9, stk. 1, litra a, f.eks. i forbindelse med at du oplyser dit personnummer til os. Du skal vide, at du altid kan tr\u00e6kke et samtykke tilbage ved at henvende dig til IT Optimiser.<\/p>\n\n\n\n<p>S\u00e5fremt du har indg\u00e5et en kontrakt med IT Optimiser, vil behandling af dine personoplysninger finde sted for at opfylde kontrakten jf. databeskyttelsesforordningens artikel 6, stk. 1, litra b. Dette forekommer f.eks. i forbindelse med m\u00f8deafvikling samt ved samarbejdsaftaler.<\/p>\n\n\n\n<p>IT Optimiser har ret til at behandle dine oplysninger for at overholde g\u00e6ldende love, bekendtg\u00f8relse m.v., samt for at im\u00f8dekomme henstillinger fra offentlige myndigheder og instanser.<\/p>\n\n\n<h3 class=\"wp-block-heading\" id=\"6-hvordan-deler-it-optimiser-dine-personoplysninger\">6. Hvordan deler IT Optimiser dine personoplysninger?<\/h3>\n\n\n<p>IT Optimiser s\u00e6lger ikke dine personoplysninger videre, og dine personoplysninger deles ikke p\u00e5 anden m\u00e5de, end beskrevet i denne persondatapolitik.<\/p>\n\n\n\n<p>Vi benytter udelukkende tredjeparter (databehandlere) i EU\/USA til digital opbevaring og tilh\u00f8rende behandling af data. (Overf\u00f8rsel til USA er godkendt af Kommissionen efter implementering af EU-U.S. Privacy Shield.) Disse databehandlere h\u00e5ndterer udelukkende oplysninger p\u00e5 IT Optimisers vegne og m\u00e5 ikke anvende personoplysningerne til egne form\u00e5l. Der er en databehandleraftale mellem IT Optimiser og samtlige databehandlere, hvori IT Optimiser dikterer, hvordan personoplysningerne m\u00e5 behandles af databehandlerne. Derudover stiller IT Optimiser krav om, at samtlige databehandlere lever op til datasikkerhedskravene jf. g\u00e6ldende lovgivning.<\/p>\n\n\n\n<p>S\u00e5fremt du optages i IT Optimisers konsulentdatabase, kan dine oplysninger, efter du har givet samtykke til det, blive delt med IT Optimisers samarbejdspartnere i forbindelse med disses rekrutteringsproces I den forbindelse deles navn, telefonnummer, adresse, CV.<\/p>\n\n\n<h3 class=\"wp-block-heading\" id=\"7-dine-generelle-rettigheder-vedr-dine-personoplysninger\">7. Dine generelle rettigheder vedr. dine personoplysninger<\/h3>\n\n\n<ul class=\"wp-block-list\">\n<li>Ret til indsigt\n<ul class=\"wp-block-list\">\n<li>Du har ret til at f\u00e5 at vide, hvilke personoplysninger IT Optimiser behandler om dig.<\/li>\n<\/ul>\n<\/li>\n<\/ul>\n\n\n\n<ul class=\"wp-block-list\">\n<li>Ret til berigtigelse\n<ul class=\"wp-block-list\">\n<li>Du har ret til at f\u00e5 personoplysninger om dig selv rettet.<\/li>\n<\/ul>\n<\/li>\n<\/ul>\n\n\n\n<ul class=\"wp-block-list\">\n<li>Ret til sletning\n<ul class=\"wp-block-list\">\n<li>Du har i visse tilf\u00e6lde ret til at f\u00e5 slettet dine personoplysninger, som IT Optimiser er i besiddelse, af inden IT Optimiser af egen drift sletter oplysningerne.<\/li>\n<\/ul>\n<\/li>\n<\/ul>\n\n\n\n<ul class=\"wp-block-list\">\n<li>Ret til begr\u00e6nsning af behandling af dine personoplysninger\n<ul class=\"wp-block-list\">\n<li>Du har i visse tilf\u00e6lde ret til at begr\u00e6nse IT Optimisers behandling af dine personoplysninger, s\u00e5dan, at IT Optimiser fremover kun m\u00e5 behandle dine oplysninger \u2013 bortset fra opbevaring \u2013 med dit samtykke, eller med henblik p\u00e5 at et retskrav kan fastl\u00e6gges, g\u00f8res g\u00e6ldende eller forsvares, eller for at beskytte en person eller vigtige samfundsinteresser.<\/li>\n<\/ul>\n<\/li>\n<\/ul>\n\n\n\n<ul class=\"wp-block-list\">\n<li>Ret til indsigelse\n<ul class=\"wp-block-list\">\n<li>Du har ret til at g\u00f8re indsigelse mod vores lovlige behandling af dine personoplysninger.<\/li>\n<\/ul>\n<\/li>\n<\/ul>\n\n\n\n<ul class=\"wp-block-list\">\n<li>Ret til dataportabilitet\n<ul class=\"wp-block-list\">\n<li>Du har i visse tilf\u00e6lde ret til at modtage dine personoplysninger, som IT Optimiser er i besiddelse af, i et struktureret, almindeligt anvendt og maskinl\u00e6sbart format, samt at f\u00e5 disse personoplysninger overf\u00f8rt fra IT Optimiser, som dataansvarlig, til en anden dataansvarlig.<\/li>\n<\/ul>\n<\/li>\n<\/ul>\n\n\n\n<ul class=\"wp-block-list\">\n<li>Ret til ikke at v\u00e6re genstand for automatisk trufne beslutninger (herunder profilering)\n<ul class=\"wp-block-list\">\n<li>Du har i visse tilf\u00e6lde ret til ikke at v\u00e6re genstand for automatisk trufne beslutninger, vedr. dine personoplysninger, der har betydning for dig.<\/li>\n<\/ul>\n<\/li>\n<\/ul>\n\n\n<h3 class=\"wp-block-heading\" id=\"8-sletning-af-personoplysninger\">8. Sletning af personoplysninger<\/h3>\n\n<h4 class=\"wp-block-heading\" id=\"vedr-konsulenter\">Vedr. konsulenter<\/h4>\n\n\n<p>Personoplysninger vedr. konsulenter, der er oprettet i vores konsulentdatabase, opbevares i 5 \u00e5r efter vi senest har haft kontakt med konsulenten. Dog sletter IT Optimiser l\u00f8bende oplysninger i konsulentdatabasen, s\u00e5fremt de ikke l\u00e6ngere er retvisende, sande eller ikke l\u00e6ngere er relevante i forhold til det form\u00e5l de blev indsamlet til.<\/p>\n\n\n<h4 class=\"wp-block-heading\" id=\"vedr-jobansoegninger\"><em>Vedr. jobans\u00f8gninger<\/em><\/h4>\n\n\n<p>Uopfordrede jobans\u00f8gninger, om ans\u00e6ttelse ved IT Optimiser, vil blive opbevaret i op til 6 m\u00e5neder. Jobans\u00f8gninger modtaget p\u00e5 baggrund af stillingsopslag om job ved IT Optimiser, opbevares indtil der sker ans\u00e6ttelse, gives afslag eller der takkes nej til stillingen.<\/p>\n\n\n<h4 class=\"wp-block-heading\" id=\"generelt\"><em>Generelt<\/em><\/h4>\n\n\n<p>\u00d8vrige personoplysninger opbevares s\u00e5 l\u00e6nge vi har et kontraktforhold\/kundeforhold til den registrerede, og slettes 6 m\u00e5neder efter den seneste kontakt med den registrerede.<\/p>\n\n\n\n<p>Dele af dine personoplysninger vil desuden blive slettet s\u00e5 snart de ikke er relevante eller retvisende l\u00e6ngere.<\/p>\n\n\n\n<p>Derudover opbevares dine oplysninger kun i det tilf\u00e6lde anden lovgivning giver anledning hertil, f.eks. for at g\u00f8re et retskrav g\u00e6ldende, eller for at overholde g\u00e6ldende lovgivning f.eks. i forbindelse med SKAT.<\/p>\n\n\n\n<p>Alle personoplysninger, som IT Optimiser behandler digitalt, opbevares p\u00e5 servere, der er beskyttet af firewalls. S\u00e5fremt behandlingen omfatter personoplysninger i fysisk form, opbevares disse i afl\u00e5ste skabe.<\/p>\n\n\n<h3 class=\"wp-block-heading\" id=\"9-klage-til-datatilsynet\"><strong>9. Klage til Datatilsynet<\/strong><\/h3>\n\n\n<p>Du har ret til at indgive en klage til Datatilsynet, s\u00e5fremt du er utilfreds med den m\u00e5de IT Optimiser behandler dine personoplysninger p\u00e5. Klagen kan indgives gennem Datatilsynets hjemmeside: www.datatilsynet.dk<\/p>\n\n\n<h3 class=\"wp-block-heading\" id=\"10-kontaktoplysninger-paa-den-dataansvarlige\">10. Kontaktoplysninger p\u00e5 den dataansvarlige<\/h3>\n\n\n<p>S\u00e5fremt du m\u00e5tte have sp\u00f8rgsm\u00e5l til IT Optimisers persondatapolitik, er du velkommen til at henvende dig til:<\/p>\n\n\n\n<p>IT Optimiser ApS<\/p>\n\n\n\n<p>Adelgade 35a st. tv.<\/p>\n\n\n\n<p>DK-8660 Skanderborg<br\/>Danmark<\/p>\n\n\n\n<p>Tel.: +45 41 83 12 10<\/p>\n\n\n\n<p>E-mailadresse: gdpr@itoptimiser.com<\/p>\n\n\n\n<p>CVR: 34692041<\/p>\n<\/div>\n<\/div>\n\n<p><\/p>\n","protected":false},"excerpt":{"rendered":"<p>Baggrund I IT Optimisers persondatapolitik redeg\u00f8res for hvordan IT Optimiser anvender de personoplysninger, du efterlader dig, n\u00e5r du bes\u00f8ger IT Optimisers hjemmeside, n\u00e5r du optages i IT Optimisers konsulentdatabase, samt n\u00e5r du indg\u00e5r et kontraktforhold med IT Optimiser, eller en ekstern samarbejdspartner. 1. Dataansvarlig IT Optimiser ApS (herefter \u201dIT Optimiser\u201d) er dataansvarlig for de personoplysninger,&#8230;<\/p>\n","protected":false},"author":1,"featured_media":0,"parent":6781,"menu_order":0,"comment_status":"closed","ping_status":"closed","template":"table-of-content.php","meta":{"_acf_changed":false,"inline_featured_image":false,"footnotes":""},"class_list":["post-4757","page","type-page","status-publish","hentry"],"acf":[],"yoast_head":"<!-- This site is optimized with the Yoast SEO plugin v27.2 - https:\/\/yoast.com\/product\/yoast-seo-wordpress\/ -->\n<title>Persondatapolitik - ITOptimiser<\/title>\n<meta name=\"robots\" content=\"index, follow, max-snippet:-1, max-image-preview:large, max-video-preview:-1\" \/>\n<link rel=\"canonical\" href=\"https:\/\/itoptimiser.com\/da\/om-os-da\/persondatapolitik\/\" \/>\n<meta property=\"og:locale\" content=\"da_DK\" \/>\n<meta property=\"og:type\" content=\"article\" \/>\n<meta property=\"og:title\" content=\"Persondatapolitik - ITOptimiser\" \/>\n<meta property=\"og:description\" content=\"Baggrund I IT Optimisers persondatapolitik redeg\u00f8res for hvordan IT Optimiser anvender de personoplysninger, du efterlader dig, n\u00e5r du bes\u00f8ger IT Optimisers hjemmeside, n\u00e5r du optages i IT Optimisers konsulentdatabase, samt n\u00e5r du indg\u00e5r et kontraktforhold med IT Optimiser, eller en ekstern samarbejdspartner. 1. Dataansvarlig IT Optimiser ApS (herefter \u201dIT Optimiser\u201d) er dataansvarlig for de personoplysninger,...\" \/>\n<meta property=\"og:url\" content=\"https:\/\/itoptimiser.com\/da\/om-os-da\/persondatapolitik\/\" \/>\n<meta property=\"og:site_name\" content=\"ITOptimiser\" \/>\n<meta property=\"article:modified_time\" content=\"2025-01-01T14:30:13+00:00\" \/>\n<meta name=\"twitter:card\" content=\"summary_large_image\" \/>\n<meta name=\"twitter:label1\" content=\"Estimeret l\u00e6setid\" \/>\n\t<meta name=\"twitter:data1\" content=\"8 minutter\" \/>\n<script type=\"application\/ld+json\" class=\"yoast-schema-graph\">{\"@context\":\"https:\/\/schema.org\",\"@graph\":[{\"@type\":\"WebPage\",\"@id\":\"https:\/\/itoptimiser.com\/da\/om-os-da\/persondatapolitik\/\",\"url\":\"https:\/\/itoptimiser.com\/da\/om-os-da\/persondatapolitik\/\",\"name\":\"Persondatapolitik - ITOptimiser\",\"isPartOf\":{\"@id\":\"https:\/\/itoptimiser.com\/da\/#website\"},\"datePublished\":\"2023-11-29T06:49:53+00:00\",\"dateModified\":\"2025-01-01T14:30:13+00:00\",\"breadcrumb\":{\"@id\":\"https:\/\/itoptimiser.com\/da\/om-os-da\/persondatapolitik\/#breadcrumb\"},\"inLanguage\":\"da-DK\",\"potentialAction\":[{\"@type\":\"ReadAction\",\"target\":[\"https:\/\/itoptimiser.com\/da\/om-os-da\/persondatapolitik\/\"]}]},{\"@type\":\"BreadcrumbList\",\"@id\":\"https:\/\/itoptimiser.com\/da\/om-os-da\/persondatapolitik\/#breadcrumb\",\"itemListElement\":[{\"@type\":\"ListItem\",\"position\":1,\"name\":\"Home\",\"item\":\"https:\/\/itoptimiser.com\/da\/\"},{\"@type\":\"ListItem\",\"position\":2,\"name\":\"Om os\",\"item\":\"https:\/\/itoptimiser.com\/da\/om-os-da\/\"},{\"@type\":\"ListItem\",\"position\":3,\"name\":\"Persondatapolitik\"}]},{\"@type\":\"WebSite\",\"@id\":\"https:\/\/itoptimiser.com\/da\/#website\",\"url\":\"https:\/\/itoptimiser.com\/da\/\",\"name\":\"ITOptimiser\",\"description\":\"ITOptimiser\",\"publisher\":{\"@id\":\"https:\/\/itoptimiser.com\/da\/#organization\"},\"potentialAction\":[{\"@type\":\"SearchAction\",\"target\":{\"@type\":\"EntryPoint\",\"urlTemplate\":\"https:\/\/itoptimiser.com\/da\/?s={search_term_string}\"},\"query-input\":{\"@type\":\"PropertyValueSpecification\",\"valueRequired\":true,\"valueName\":\"search_term_string\"}}],\"inLanguage\":\"da-DK\"},{\"@type\":\"Organization\",\"@id\":\"https:\/\/itoptimiser.com\/da\/#organization\",\"name\":\"ITOptimiser\",\"url\":\"https:\/\/itoptimiser.com\/da\/\",\"logo\":{\"@type\":\"ImageObject\",\"inLanguage\":\"da-DK\",\"@id\":\"https:\/\/itoptimiser.com\/da\/#\/schema\/logo\/image\/\",\"url\":\"https:\/\/itoptimiser.com\/wp-content\/uploads\/2024\/04\/PrimaryLogo.Wslogan-Color.svg\",\"contentUrl\":\"https:\/\/itoptimiser.com\/wp-content\/uploads\/2024\/04\/PrimaryLogo.Wslogan-Color.svg\",\"caption\":\"ITOptimiser\"},\"image\":{\"@id\":\"https:\/\/itoptimiser.com\/da\/#\/schema\/logo\/image\/\"}}]}<\/script>\n<!-- \/ Yoast SEO plugin. -->","yoast_head_json":{"title":"Persondatapolitik - ITOptimiser","robots":{"index":"index","follow":"follow","max-snippet":"max-snippet:-1","max-image-preview":"max-image-preview:large","max-video-preview":"max-video-preview:-1"},"canonical":"https:\/\/itoptimiser.com\/da\/om-os-da\/persondatapolitik\/","og_locale":"da_DK","og_type":"article","og_title":"Persondatapolitik - ITOptimiser","og_description":"Baggrund I IT Optimisers persondatapolitik redeg\u00f8res for hvordan IT Optimiser anvender de personoplysninger, du efterlader dig, n\u00e5r du bes\u00f8ger IT Optimisers hjemmeside, n\u00e5r du optages i IT Optimisers konsulentdatabase, samt n\u00e5r du indg\u00e5r et kontraktforhold med IT Optimiser, eller en ekstern samarbejdspartner. 1. Dataansvarlig IT Optimiser ApS (herefter \u201dIT Optimiser\u201d) er dataansvarlig for de personoplysninger,...","og_url":"https:\/\/itoptimiser.com\/da\/om-os-da\/persondatapolitik\/","og_site_name":"ITOptimiser","article_modified_time":"2025-01-01T14:30:13+00:00","twitter_card":"summary_large_image","twitter_misc":{"Estimeret l\u00e6setid":"8 minutter"},"schema":{"@context":"https:\/\/schema.org","@graph":[{"@type":"WebPage","@id":"https:\/\/itoptimiser.com\/da\/om-os-da\/persondatapolitik\/","url":"https:\/\/itoptimiser.com\/da\/om-os-da\/persondatapolitik\/","name":"Persondatapolitik - ITOptimiser","isPartOf":{"@id":"https:\/\/itoptimiser.com\/da\/#website"},"datePublished":"2023-11-29T06:49:53+00:00","dateModified":"2025-01-01T14:30:13+00:00","breadcrumb":{"@id":"https:\/\/itoptimiser.com\/da\/om-os-da\/persondatapolitik\/#breadcrumb"},"inLanguage":"da-DK","potentialAction":[{"@type":"ReadAction","target":["https:\/\/itoptimiser.com\/da\/om-os-da\/persondatapolitik\/"]}]},{"@type":"BreadcrumbList","@id":"https:\/\/itoptimiser.com\/da\/om-os-da\/persondatapolitik\/#breadcrumb","itemListElement":[{"@type":"ListItem","position":1,"name":"Home","item":"https:\/\/itoptimiser.com\/da\/"},{"@type":"ListItem","position":2,"name":"Om os","item":"https:\/\/itoptimiser.com\/da\/om-os-da\/"},{"@type":"ListItem","position":3,"name":"Persondatapolitik"}]},{"@type":"WebSite","@id":"https:\/\/itoptimiser.com\/da\/#website","url":"https:\/\/itoptimiser.com\/da\/","name":"ITOptimiser","description":"ITOptimiser","publisher":{"@id":"https:\/\/itoptimiser.com\/da\/#organization"},"potentialAction":[{"@type":"SearchAction","target":{"@type":"EntryPoint","urlTemplate":"https:\/\/itoptimiser.com\/da\/?s={search_term_string}"},"query-input":{"@type":"PropertyValueSpecification","valueRequired":true,"valueName":"search_term_string"}}],"inLanguage":"da-DK"},{"@type":"Organization","@id":"https:\/\/itoptimiser.com\/da\/#organization","name":"ITOptimiser","url":"https:\/\/itoptimiser.com\/da\/","logo":{"@type":"ImageObject","inLanguage":"da-DK","@id":"https:\/\/itoptimiser.com\/da\/#\/schema\/logo\/image\/","url":"https:\/\/itoptimiser.com\/wp-content\/uploads\/2024\/04\/PrimaryLogo.Wslogan-Color.svg","contentUrl":"https:\/\/itoptimiser.com\/wp-content\/uploads\/2024\/04\/PrimaryLogo.Wslogan-Color.svg","caption":"ITOptimiser"},"image":{"@id":"https:\/\/itoptimiser.com\/da\/#\/schema\/logo\/image\/"}}]}},"_links":{"self":[{"href":"https:\/\/itoptimiser.com\/da\/wp-json\/wp\/v2\/pages\/4757","targetHints":{"allow":["GET"]}}],"collection":[{"href":"https:\/\/itoptimiser.com\/da\/wp-json\/wp\/v2\/pages"}],"about":[{"href":"https:\/\/itoptimiser.com\/da\/wp-json\/wp\/v2\/types\/page"}],"author":[{"embeddable":true,"href":"https:\/\/itoptimiser.com\/da\/wp-json\/wp\/v2\/users\/1"}],"replies":[{"embeddable":true,"href":"https:\/\/itoptimiser.com\/da\/wp-json\/wp\/v2\/comments?post=4757"}],"version-history":[{"count":0,"href":"https:\/\/itoptimiser.com\/da\/wp-json\/wp\/v2\/pages\/4757\/revisions"}],"up":[{"embeddable":true,"href":"https:\/\/itoptimiser.com\/da\/wp-json\/wp\/v2\/pages\/6781"}],"wp:attachment":[{"href":"https:\/\/itoptimiser.com\/da\/wp-json\/wp\/v2\/media?parent=4757"}],"curies":[{"name":"wp","href":"https:\/\/api.w.org\/{rel}","templated":true}]}}