{"id":4749,"date":"2024-04-15T06:37:37","date_gmt":"2024-04-15T06:37:37","guid":{"rendered":"https:\/\/itoptimiser.com\/faq\/sap-konsulent-faq-ansaettelse\/"},"modified":"2025-03-11T14:55:35","modified_gmt":"2025-03-11T14:55:35","slug":"sap-konsulent-faq-ansaettelse","status":"publish","type":"page","link":"https:\/\/itoptimiser.com\/da\/faq\/sap-konsulent-faq-ansaettelse\/","title":{"rendered":"SAP konsulent FAQ &#8211; Ans\u00e6ttelse"},"content":{"rendered":"<section class=\"px-3 px-md-5 mb-3 pb-md-5 mb-md-5 herobanner herobanner_overlay herobanner-breadcrumb\" id=\"herobanner-block_9e77605c37ab1247e20cc23abef38d38\">\n    <div class=\"container mx-auto position-relative text-white breadcrumb py-3 mb-2\"><a class=\"text-white breadcrumb-home\" href=\"https:\/\/itoptimiser.com\/da\/\" rel=\"nofollow\">Home<\/a><\/div><div class=\"col-md-11 bg-white mx-auto apply-form apply-database position-fixed top-0 w-100\" id=\"apply-database\">\n    <div class=\"cancel-btn\">\n        <svg xmlns=\"http:\/\/www.w3.org\/2000\/svg\" width=\"30\" height=\"30\" viewBox=\"0 0 30 30\" fill=\"none\">\n            <path d=\"M27.9703 2.0293L2.0293 27.9703\" stroke=\"#060E5B\" stroke-width=\"2.66667\" stroke-linecap=\"round\" stroke-linejoin=\"round\"\/>\n            <path d=\"M2.0293 2.0293L27.9703 27.9703\" stroke=\"#060E5B\" stroke-width=\"2.66667\" stroke-linecap=\"round\" stroke-linejoin=\"round\"\/>\n        <\/svg>\n    <\/div>\n    <ul class=\"progressbar col-md-4 mx-auto\">\n        <li class=\"active\"><\/li>\n        <li><\/li>\n        <li><\/li>\n      <\/ul>\n    <h2 class=\"fw-bold text-center mb-4 form-heading\">I am interested<\/h2>\n    <div class=\"bg-form-beige py-5 rounded-4\"><p class=\"wpcf7-contact-form-not-found\"><strong>Fejl:<\/strong> Kontaktformular ikke fundet.<\/p><div class=\"get_email text-center\">\n        <\/div>\n    <\/div>\n<\/div>\n    <div class=\"herobanner-container\">\n        <div class=\"Container banner-bg\">\n            <div class=\"hero-content ps-md-5\">\n                <div class=\"content-inner\">\n                                            <h1 class=\"fw-bold h2\">SAP Fastans\u00e6ttelse F\u00e5 svar p\u00e5 dine sp\u00f8rgsm\u00e5l<\/h1>\n                                          <p class=\"mb-2 pe-md-5\"><\/p>\n                <\/div><div class=\"banner-button d-flex mt-4 gap-4 flex-wrap\">                        <\/div>\n            <\/div>\n        <\/div>\n    <\/div>\n<\/section><div class=\"col-md-11 bg-white mx-auto apply-form position-fixed top-0 w-100\" id=\"book-call\">\n    <div class=\"cancel-btn\">\n        <svg xmlns=\"http:\/\/www.w3.org\/2000\/svg\" width=\"30\" height=\"30\" viewBox=\"0 0 30 30\" fill=\"none\">\n            <path d=\"M27.9703 2.0293L2.0293 27.9703\" stroke=\"#060E5B\" stroke-width=\"2.66667\" stroke-linecap=\"round\" stroke-linejoin=\"round\"\/>\n            <path d=\"M2.0293 2.0293L27.9703 27.9703\" stroke=\"#060E5B\" stroke-width=\"2.66667\" stroke-linecap=\"round\" stroke-linejoin=\"round\"\/>\n        <\/svg>\n    <\/div>\n    <h2 class=\"fw-bold text-center mb-4 form-heading\">Book a call slot with <br>\na IT Optimiser consultant<\/h2>\n    <div class=\"bg-form-secondary py-5 rounded-4\"><p class=\"wpcf7-contact-form-not-found\"><strong>Fejl:<\/strong> Kontaktformular ikke fundet.<\/p>    <div class=\"get_email text-center\">\n            <h3 class=\"fw-bold\">You will get an email soon<\/h3>\n            <p>Lorem Ipsum is simply dummy text of the printing and typesetting industry. Lorem Ipsum has been the industry&#8217;s standard dummy text ever since the 1500s, when an unknown printer took a galley of type and scrambled it to make a type specimen book.<\/p>\n        <\/div>\n    <\/div>\n<\/div>\n<style type=\"text\/css\">\n    #herobanner-block_9e77605c37ab1247e20cc23abef38d38 .banner-bg {\n        background-image: url('https:\/\/itoptimiser.com\/wp-content\/uploads\/2024\/04\/pexels-yan-krukau-8867435-scaled.jpg');\n    }\n    #herobanner-block_9e77605c37ab1247e20cc23abef38d38 .promotionbanner-container:before,\n    #herobanner-block_9e77605c37ab1247e20cc23abef38d38 .herobanner-container:before {\n        background: #060e5b;\n    }\n    #herobanner-block_9e77605c37ab1247e20cc23abef38d38 h1,\n    #herobanner-block_9e77605c37ab1247e20cc23abef38d38 h2{\n        color: rgb(255,255,255);\n    }\n    #herobanner-block_9e77605c37ab1247e20cc23abef38d38 p{\n        color: #ffffff;\n    }\n    \n    #herobanner-block_9e77605c37ab1247e20cc23abef38d38 .promotion-content .content-inner{\n        max-width: 515;\n    }\n    #herobanner-block_9e77605c37ab1247e20cc23abef38d38 .hero-content .content-inner{\n        max-width: 515;\n    }\n    .hero-content .banner-button svg{\n       width: 25px;\n       height: 27px;\n    }\n    <\/style>\n\n\n<section class=\"faq-wrp mx-3 mx-md-5 mb-5 my-md-5 pb-md-5\" id=\"faq-wrp-block_83f4dd370377ee46c7b946afd0086397\">\n<div class=\"faq-background mx-md-0 mx-3\">\n    <style type=\"text\/css\">\n             #faq-wrp-block_83f4dd370377ee46c7b946afd0086397 .faq-background:before {\n                content: \"\";\n                bottom: 1px;\n                right: 0;\n                position: absolute;\n                background-image: url('https:\/\/itoptimiser.com\/wp-content\/uploads\/2023\/12\/Graphic.png');\n                background-size: cover;\n                width: 50%;\n                height: 75%;\n                z-index: -1;\n             }\n          <\/style>    <div class=\"faq-container\">\n        <h2 class=\"fw-bold pb-2\">SAP Fasteans\u00e6ttelse<\/h2>\n        <p class=\"faq_pre pb-3\">F\u00e5 svar p\u00e5 vores oftest stillede sp\u00f8rgsm\u00e5l fra vores konsulenter. T\u00f8v ikke med at kontakte os, hvis der er noget, du mangler svar p\u00e5.<\/p>\n    <div class=\"accordion-container\"><div class=\"accordion-item\"><div class=\"accordion-title active fw-bold mb-0 h4\">Kan ITO hj\u00e6lpe mig med at lave eller opdatere mit CV?<\/div><div class=\"accordion-content\" style=\"display: none;\"><p>Indhold, l\u00e6ngde, layout osv. Der er mange i et CV der b\u00f8r overvejes. N\u00e5r man leder efter nye projekter, er det vigtigt at have et st\u00e6rkt CV. Det er ogs\u00e5 et af vores n\u00f8glev\u00e6rkt\u00f8jer, n\u00e5r vi pr\u00e6senterer din profil for vores kunde f\u00f8rste gang. Et godt CV vil give et godt f\u00f8rsteh\u00e5ndsindtryk og vil ofte medvirke til at sikre den f\u00f8rste samtale med kunden.<br \/>\nVores rekrutteringsspecialister har set tusindvis af CV\u2019er, og vi vil meget gerne give gode r\u00e5d med p\u00e5 vejen, hvis du \u00f8nsker at finjustere dit CV.<\/p>\n<\/div><\/div><div class=\"accordion-item\"><div class=\"accordion-title active fw-bold mb-0 h4\">Uopfordrede ans\u00f8gninger \u2013 hvad skal man g\u00f8re?<\/div><div class=\"accordion-content\" style=\"display: none;\"><p>Vi er altid glade n\u00e5r vi modtager opkald og emails om ledighed, \u00f8nsker om nyt job. Har du lyst til en helt uforpligtende snak om muligheder? Giv os et kald eller skriv en e-mail til os om, hvordan vi kan hj\u00e6lpe dig med at finde dit n\u00e6ste job. <\/p>\n<\/div><\/div><div class=\"accordion-item\"><div class=\"accordion-title active fw-bold mb-0 h4\">Hvilke stillinger rekrutterer I til?<\/div><div class=\"accordion-content\" style=\"display: none;\"><p>IT Optimiser har udelukkende fokus p\u00e5 SAP. SAP-landskabet er enormt og kr\u00e6ver en bred vifte af f\u00e6rdigheder og kompetencer samt specialister til at d\u00e6kke de enkelte omr\u00e5der. IT Optimiser har ikke noget nichefokus p\u00e5 et bestemt omr\u00e5de inden for SAP. Det afspejler sig i de mange forskelligartede stillinger, vi kan tilbyde. R\u00e6k ud til os for at h\u00f8re mere.<\/p>\n<\/div><\/div><div class=\"accordion-item\"><div class=\"accordion-title active fw-bold mb-0 h4\">Kan ITO r\u00e5dgive mig om min l\u00f8n? <\/div><div class=\"accordion-content\" style=\"display: none;\"><p>Ja. Vores mange\u00e5rige erfaring og dedikerede fokus p\u00e5 SAP betyder, at vi kender markedet og vil kunne vejlede dig om din markedsv\u00e6rdi i forhold til den konkrete stilling.<\/p>\n<\/div><\/div><div class=\"accordion-item\"><div class=\"accordion-title active fw-bold mb-0 h4\">Kan ITO stadig hj\u00e6lpe mig, n\u00e5r jeg er blevet ansat?<\/div><div class=\"accordion-content\" style=\"display: none;\"><p>N\u00e5r du begynder p\u00e5 dit nye job, er vi der stadig til at sikre, at du kommer godt fra start hos din nye arbejdsgiver. Vi er der for dig, n\u00e5r du har brug for os, og vi vil efter behov lave opf\u00f8lgningsm\u00f8der med b\u00e5de dig og vores kunde i de indledende m\u00e5neder af ans\u00e6ttelsen. <\/p>\n<\/div><\/div><\/div>    <\/div>\n<\/div>\n<\/section>\n<style type=\"text\/css\">\n   #faq-wrp-block_83f4dd370377ee46c7b946afd0086397 h2{\n      color: ;\n    }\n    #faq-wrp-block_83f4dd370377ee46c7b946afd0086397 .faq_pre{\n        color: ;\n    }\n    #faq-wrp-block_83f4dd370377ee46c7b946afd0086397 .faq-background{\n      background-color: #f9f3e4;\n    }\n    #faq-wrp-block_83f4dd370377ee46c7b946afd0086397 .accordion-title{\n        color: ;\n    }\n    #faq-wrp-block_83f4dd370377ee46c7b946afd0086397 .accordion-content p{\n        color:#696969 ;\n    }\n\n  .faq-background {\n    max-width: 100%;\n    border-radius: 24px;\n    position: relative;\n    z-index: 9;\n   }\n   .faq-container {\n    max-width: 770px;\n    margin: 0 auto;\n    padding: 70px 20px;\n  }\n  .accordion-title {\n    position: relative;\n    margin-left: 25px;\n  }\n  .accordion-content p {\n    margin: 10px 10px 0px 10px;\n  }\n  .accordion-item {\n    background: #ffff;\n    border-radius: 16px !important;\n    border: none;\n    padding: 20px 40px;\n    margin-bottom: 20px;\n    cursor: pointer;\n  }\n  .accordion-title.active:after {\n    content: \" \";\n    position: absolute;\n    top: 3px;\n    left: -40px;\n    width: 21px;\n    height: 21px;\n    background-image: url('https:\/\/itoptimiser.com\/wp-content\/themes\/it-optimiser\/images\/add-circle-button-remove-cross-add.png');\n    background-size: cover;\n    background-color: #f9f3e4;\n  }\n  .accordion-item:first-child .accordion-title:before,\n  .accordion-title:before {\n    content: \" \";\n    position: absolute;\n    top: -6px;\n    left: -50px;\n    width: 40px;\n    height: 40px;\n    background-color: #f9f3e4;\n    border-radius: 100%;\n}\n  .accordion-item:first-child .accordion-title.active:after,\n  .accordion-title:after {\n    content: \" \";\n    position: absolute;\n    top: 3px;\n    left: -40px;\n    width: 21px;\n    background-image: url('https:\/\/itoptimiser.com\/wp-content\/themes\/it-optimiser\/images\/add-circle-button-remove.png');\n    height: 21px;\n    background-size: cover;\n    background-color: #f9f3e4;\n  }\n  .accordion-item:first-child .accordion-title:after {\n    content: \" \";\n    position: absolute;\n    top: 3px;\n    left: -40px;\n    width: 21px;\n    background-image: url('https:\/\/itoptimiser.com\/wp-content\/themes\/it-optimiser\/images\/add-circle-button-remove-cross-add.png');\n    height: 21px;\n    background-size: cover;\n    background-color: #f9f3e4;\n  }\n  \/**blue**\/\n  .faq-blue .accordion-item:first-child .accordion-title.active:after,\n  .faq-blue .accordion-title:after{\n    background-image: url('https:\/\/itoptimiser.com\/wp-content\/themes\/it-optimiser\/images\/faq-blue-remove.png');\n  }\n  .faq-blue .accordion-title.active:after,\n  .faq-blue .accordion-item:first-child .accordion-title:after {\n    background-image: url('https:\/\/itoptimiser.com\/wp-content\/themes\/it-optimiser\/images\/faq-blue-add.png');\n  }\n #faq-wrp-block_83f4dd370377ee46c7b946afd0086397 .JobListing-button-link{\n    font-size: 20px;\n    line-height: 22.3px;\n    font-weight: 700;\n    font-family: 'Comfortaa', sans-serif;\n    padding: 20px 41px;\n    border-radius: 50px;\n    text-decoration: none;\n    text-align: center;\n    margin: 0 auto;\n    display: table;\n    border: 1px solid;\n    width: fit-content;\n    align-items: center;\n}\n#faq-wrp-block_83f4dd370377ee46c7b946afd0086397 .JobListing-button-link{\n    background-color: ;\n    border-color: ;\n}\n#faq-wrp-block_83f4dd370377ee46c7b946afd0086397 .JobListing-button-link .JobListing-button-link-text{\n    color:  ; \n}\n#faq-wrp-block_83f4dd370377ee46c7b946afd0086397 .JobListing-button-link:hover{\n    background-color: ;\n    border-color: ; \n}\n#faq-wrp-block_83f4dd370377ee46c7b946afd0086397 .JobListing-button-link:hover svg path{\n    stroke: ;\n}\n#faq-wrp-block_83f4dd370377ee46c7b946afd0086397 .JobListing-button-link:hover .JobListing-button-link-text {\n    color:  ;\n}\n<\/style>\n\n\n","protected":false},"excerpt":{"rendered":"","protected":false},"author":1,"featured_media":0,"parent":4735,"menu_order":0,"comment_status":"closed","ping_status":"closed","template":"no-title-template.php","meta":{"_acf_changed":false,"inline_featured_image":false,"footnotes":""},"class_list":["post-4749","page","type-page","status-publish","hentry"],"acf":[],"yoast_head":"<!-- This site is optimized with the Yoast SEO plugin v27.2 - https:\/\/yoast.com\/product\/yoast-seo-wordpress\/ -->\n<title>SAP konsulent FAQ - Ans\u00e6ttelse - ITOptimiser<\/title>\n<meta name=\"robots\" content=\"index, follow, max-snippet:-1, max-image-preview:large, max-video-preview:-1\" \/>\n<link rel=\"canonical\" href=\"https:\/\/itoptimiser.com\/da\/faq\/sap-konsulent-faq-ansaettelse\/\" \/>\n<meta property=\"og:locale\" content=\"da_DK\" \/>\n<meta property=\"og:type\" content=\"article\" \/>\n<meta property=\"og:title\" content=\"SAP konsulent FAQ - Ans\u00e6ttelse - ITOptimiser\" \/>\n<meta property=\"og:url\" content=\"https:\/\/itoptimiser.com\/da\/faq\/sap-konsulent-faq-ansaettelse\/\" \/>\n<meta property=\"og:site_name\" content=\"ITOptimiser\" \/>\n<meta property=\"article:modified_time\" content=\"2025-03-11T14:55:35+00:00\" \/>\n<meta name=\"twitter:card\" content=\"summary_large_image\" \/>\n<script type=\"application\/ld+json\" class=\"yoast-schema-graph\">{\"@context\":\"https:\/\/schema.org\",\"@graph\":[{\"@type\":\"WebPage\",\"@id\":\"https:\/\/itoptimiser.com\/da\/faq\/sap-konsulent-faq-ansaettelse\/\",\"url\":\"https:\/\/itoptimiser.com\/da\/faq\/sap-konsulent-faq-ansaettelse\/\",\"name\":\"SAP konsulent FAQ - Ans\u00e6ttelse - ITOptimiser\",\"isPartOf\":{\"@id\":\"https:\/\/itoptimiser.com\/da\/#website\"},\"datePublished\":\"2024-04-15T06:37:37+00:00\",\"dateModified\":\"2025-03-11T14:55:35+00:00\",\"breadcrumb\":{\"@id\":\"https:\/\/itoptimiser.com\/da\/faq\/sap-konsulent-faq-ansaettelse\/#breadcrumb\"},\"inLanguage\":\"da-DK\",\"potentialAction\":[{\"@type\":\"ReadAction\",\"target\":[\"https:\/\/itoptimiser.com\/da\/faq\/sap-konsulent-faq-ansaettelse\/\"]}]},{\"@type\":\"BreadcrumbList\",\"@id\":\"https:\/\/itoptimiser.com\/da\/faq\/sap-konsulent-faq-ansaettelse\/#breadcrumb\",\"itemListElement\":[{\"@type\":\"ListItem\",\"position\":1,\"name\":\"Home\",\"item\":\"https:\/\/itoptimiser.com\/da\/\"},{\"@type\":\"ListItem\",\"position\":2,\"name\":\"FAQ\",\"item\":\"https:\/\/itoptimiser.com\/da\/faq\/\"},{\"@type\":\"ListItem\",\"position\":3,\"name\":\"SAP konsulent FAQ &#8211; Ans\u00e6ttelse\"}]},{\"@type\":\"WebSite\",\"@id\":\"https:\/\/itoptimiser.com\/da\/#website\",\"url\":\"https:\/\/itoptimiser.com\/da\/\",\"name\":\"ITOptimiser\",\"description\":\"ITOptimiser\",\"publisher\":{\"@id\":\"https:\/\/itoptimiser.com\/da\/#organization\"},\"potentialAction\":[{\"@type\":\"SearchAction\",\"target\":{\"@type\":\"EntryPoint\",\"urlTemplate\":\"https:\/\/itoptimiser.com\/da\/?s={search_term_string}\"},\"query-input\":{\"@type\":\"PropertyValueSpecification\",\"valueRequired\":true,\"valueName\":\"search_term_string\"}}],\"inLanguage\":\"da-DK\"},{\"@type\":\"Organization\",\"@id\":\"https:\/\/itoptimiser.com\/da\/#organization\",\"name\":\"ITOptimiser\",\"url\":\"https:\/\/itoptimiser.com\/da\/\",\"logo\":{\"@type\":\"ImageObject\",\"inLanguage\":\"da-DK\",\"@id\":\"https:\/\/itoptimiser.com\/da\/#\/schema\/logo\/image\/\",\"url\":\"https:\/\/itoptimiser.com\/wp-content\/uploads\/2024\/04\/PrimaryLogo.Wslogan-Color.svg\",\"contentUrl\":\"https:\/\/itoptimiser.com\/wp-content\/uploads\/2024\/04\/PrimaryLogo.Wslogan-Color.svg\",\"caption\":\"ITOptimiser\"},\"image\":{\"@id\":\"https:\/\/itoptimiser.com\/da\/#\/schema\/logo\/image\/\"}}]}<\/script>\n<!-- \/ Yoast SEO plugin. -->","yoast_head_json":{"title":"SAP konsulent FAQ - Ans\u00e6ttelse - ITOptimiser","robots":{"index":"index","follow":"follow","max-snippet":"max-snippet:-1","max-image-preview":"max-image-preview:large","max-video-preview":"max-video-preview:-1"},"canonical":"https:\/\/itoptimiser.com\/da\/faq\/sap-konsulent-faq-ansaettelse\/","og_locale":"da_DK","og_type":"article","og_title":"SAP konsulent FAQ - Ans\u00e6ttelse - ITOptimiser","og_url":"https:\/\/itoptimiser.com\/da\/faq\/sap-konsulent-faq-ansaettelse\/","og_site_name":"ITOptimiser","article_modified_time":"2025-03-11T14:55:35+00:00","twitter_card":"summary_large_image","schema":{"@context":"https:\/\/schema.org","@graph":[{"@type":"WebPage","@id":"https:\/\/itoptimiser.com\/da\/faq\/sap-konsulent-faq-ansaettelse\/","url":"https:\/\/itoptimiser.com\/da\/faq\/sap-konsulent-faq-ansaettelse\/","name":"SAP konsulent FAQ - Ans\u00e6ttelse - ITOptimiser","isPartOf":{"@id":"https:\/\/itoptimiser.com\/da\/#website"},"datePublished":"2024-04-15T06:37:37+00:00","dateModified":"2025-03-11T14:55:35+00:00","breadcrumb":{"@id":"https:\/\/itoptimiser.com\/da\/faq\/sap-konsulent-faq-ansaettelse\/#breadcrumb"},"inLanguage":"da-DK","potentialAction":[{"@type":"ReadAction","target":["https:\/\/itoptimiser.com\/da\/faq\/sap-konsulent-faq-ansaettelse\/"]}]},{"@type":"BreadcrumbList","@id":"https:\/\/itoptimiser.com\/da\/faq\/sap-konsulent-faq-ansaettelse\/#breadcrumb","itemListElement":[{"@type":"ListItem","position":1,"name":"Home","item":"https:\/\/itoptimiser.com\/da\/"},{"@type":"ListItem","position":2,"name":"FAQ","item":"https:\/\/itoptimiser.com\/da\/faq\/"},{"@type":"ListItem","position":3,"name":"SAP konsulent FAQ &#8211; Ans\u00e6ttelse"}]},{"@type":"WebSite","@id":"https:\/\/itoptimiser.com\/da\/#website","url":"https:\/\/itoptimiser.com\/da\/","name":"ITOptimiser","description":"ITOptimiser","publisher":{"@id":"https:\/\/itoptimiser.com\/da\/#organization"},"potentialAction":[{"@type":"SearchAction","target":{"@type":"EntryPoint","urlTemplate":"https:\/\/itoptimiser.com\/da\/?s={search_term_string}"},"query-input":{"@type":"PropertyValueSpecification","valueRequired":true,"valueName":"search_term_string"}}],"inLanguage":"da-DK"},{"@type":"Organization","@id":"https:\/\/itoptimiser.com\/da\/#organization","name":"ITOptimiser","url":"https:\/\/itoptimiser.com\/da\/","logo":{"@type":"ImageObject","inLanguage":"da-DK","@id":"https:\/\/itoptimiser.com\/da\/#\/schema\/logo\/image\/","url":"https:\/\/itoptimiser.com\/wp-content\/uploads\/2024\/04\/PrimaryLogo.Wslogan-Color.svg","contentUrl":"https:\/\/itoptimiser.com\/wp-content\/uploads\/2024\/04\/PrimaryLogo.Wslogan-Color.svg","caption":"ITOptimiser"},"image":{"@id":"https:\/\/itoptimiser.com\/da\/#\/schema\/logo\/image\/"}}]}},"_links":{"self":[{"href":"https:\/\/itoptimiser.com\/da\/wp-json\/wp\/v2\/pages\/4749","targetHints":{"allow":["GET"]}}],"collection":[{"href":"https:\/\/itoptimiser.com\/da\/wp-json\/wp\/v2\/pages"}],"about":[{"href":"https:\/\/itoptimiser.com\/da\/wp-json\/wp\/v2\/types\/page"}],"author":[{"embeddable":true,"href":"https:\/\/itoptimiser.com\/da\/wp-json\/wp\/v2\/users\/1"}],"replies":[{"embeddable":true,"href":"https:\/\/itoptimiser.com\/da\/wp-json\/wp\/v2\/comments?post=4749"}],"version-history":[{"count":3,"href":"https:\/\/itoptimiser.com\/da\/wp-json\/wp\/v2\/pages\/4749\/revisions"}],"predecessor-version":[{"id":9058,"href":"https:\/\/itoptimiser.com\/da\/wp-json\/wp\/v2\/pages\/4749\/revisions\/9058"}],"up":[{"embeddable":true,"href":"https:\/\/itoptimiser.com\/da\/wp-json\/wp\/v2\/pages\/4735"}],"wp:attachment":[{"href":"https:\/\/itoptimiser.com\/da\/wp-json\/wp\/v2\/media?parent=4749"}],"curies":[{"name":"wp","href":"https:\/\/api.w.org\/{rel}","templated":true}]}}