{"id":4735,"date":"2024-04-08T09:10:49","date_gmt":"2024-04-08T09:10:49","guid":{"rendered":"https:\/\/itoptimiser.com\/faq\/"},"modified":"2025-05-13T11:51:28","modified_gmt":"2025-05-13T11:51:28","slug":"faq","status":"publish","type":"page","link":"https:\/\/itoptimiser.com\/da\/faq\/","title":{"rendered":"FAQ"},"content":{"rendered":"<section class=\"px-3 px-md-5 mb-3 pb-md-5 mb-md-5 herobanner herobanner_overlay herobanner-breadcrumb\" id=\"herobanner-block_c6f67a78748ea7dbe22061168e4b9cd4\">\n    <div class=\"container mx-auto position-relative text-white breadcrumb py-3 mb-2\"><a class=\"text-white breadcrumb-home\" href=\"https:\/\/itoptimiser.com\/da\/\" rel=\"nofollow\">Home<\/a><\/div><div class=\"col-md-11 bg-white mx-auto apply-form apply-database position-fixed top-0 w-100\" id=\"apply-database\">\n    <div class=\"cancel-btn\">\n        <svg xmlns=\"http:\/\/www.w3.org\/2000\/svg\" width=\"30\" height=\"30\" viewBox=\"0 0 30 30\" fill=\"none\">\n            <path d=\"M27.9703 2.0293L2.0293 27.9703\" stroke=\"#060E5B\" stroke-width=\"2.66667\" stroke-linecap=\"round\" stroke-linejoin=\"round\"\/>\n            <path d=\"M2.0293 2.0293L27.9703 27.9703\" stroke=\"#060E5B\" stroke-width=\"2.66667\" stroke-linecap=\"round\" stroke-linejoin=\"round\"\/>\n        <\/svg>\n    <\/div>\n    <ul class=\"progressbar col-md-4 mx-auto\">\n        <li class=\"active\"><\/li>\n        <li><\/li>\n        <li><\/li>\n      <\/ul>\n    <h2 class=\"fw-bold text-center mb-4 form-heading\">I am interested<\/h2>\n    <div class=\"bg-form-beige py-5 rounded-4\"><p class=\"wpcf7-contact-form-not-found\"><strong>Fejl:<\/strong> Kontaktformular ikke fundet.<\/p><div class=\"get_email text-center\">\n        <\/div>\n    <\/div>\n<\/div>\n    <div class=\"herobanner-container\">\n        <div class=\"Container banner-bg\">\n            <div class=\"hero-content ps-md-5\">\n                <div class=\"content-inner\">\n                                            <h1 class=\"fw-bold h2\">Oftest stillede sp\u00f8rgsm\u00e5l<\/h1>\n                                          <p class=\"mb-2 pe-md-5\">Kontakt os hvis du ikke kan finde det du s\u00f8ger eller der er noget du gerne vil have uddybet<\/p>\n                <\/div><div class=\"banner-button d-flex mt-4 gap-4 flex-wrap\">                        <\/div>\n            <\/div>\n        <\/div>\n    <\/div>\n<\/section><div class=\"col-md-11 bg-white mx-auto apply-form position-fixed top-0 w-100\" id=\"book-call\">\n    <div class=\"cancel-btn\">\n        <svg xmlns=\"http:\/\/www.w3.org\/2000\/svg\" width=\"30\" height=\"30\" viewBox=\"0 0 30 30\" fill=\"none\">\n            <path d=\"M27.9703 2.0293L2.0293 27.9703\" stroke=\"#060E5B\" stroke-width=\"2.66667\" stroke-linecap=\"round\" stroke-linejoin=\"round\"\/>\n            <path d=\"M2.0293 2.0293L27.9703 27.9703\" stroke=\"#060E5B\" stroke-width=\"2.66667\" stroke-linecap=\"round\" stroke-linejoin=\"round\"\/>\n        <\/svg>\n    <\/div>\n    <h2 class=\"fw-bold text-center mb-4 form-heading\">Book a call slot with <br>\na IT Optimiser consultant<\/h2>\n    <div class=\"bg-form-secondary py-5 rounded-4\"><p class=\"wpcf7-contact-form-not-found\"><strong>Fejl:<\/strong> Kontaktformular ikke fundet.<\/p>    <div class=\"get_email text-center\">\n            <h3 class=\"fw-bold\">You will get an email soon<\/h3>\n            <p>Lorem Ipsum is simply dummy text of the printing and typesetting industry. Lorem Ipsum has been the industry&#8217;s standard dummy text ever since the 1500s, when an unknown printer took a galley of type and scrambled it to make a type specimen book.<\/p>\n        <\/div>\n    <\/div>\n<\/div>\n<style type=\"text\/css\">\n    #herobanner-block_c6f67a78748ea7dbe22061168e4b9cd4 .banner-bg {\n        background-image: url('https:\/\/itoptimiser.com\/wp-content\/uploads\/2024\/04\/pexels-yan-krukau-8867435-scaled.jpg');\n    }\n    #herobanner-block_c6f67a78748ea7dbe22061168e4b9cd4 .promotionbanner-container:before,\n    #herobanner-block_c6f67a78748ea7dbe22061168e4b9cd4 .herobanner-container:before {\n        background: #060e5b;\n    }\n    #herobanner-block_c6f67a78748ea7dbe22061168e4b9cd4 h1,\n    #herobanner-block_c6f67a78748ea7dbe22061168e4b9cd4 h2{\n        color: rgb(255,255,255);\n    }\n    #herobanner-block_c6f67a78748ea7dbe22061168e4b9cd4 p{\n        color: #ffffff;\n    }\n    \n    #herobanner-block_c6f67a78748ea7dbe22061168e4b9cd4 .promotion-content .content-inner{\n        max-width: 515;\n    }\n    #herobanner-block_c6f67a78748ea7dbe22061168e4b9cd4 .hero-content .content-inner{\n        max-width: 515;\n    }\n    .hero-content .banner-button svg{\n       width: 25px;\n       height: 27px;\n    }\n    <\/style>\n\n\n<section class=\"icon-box-wrp pt-md-3 my-5\" id=\"icon-box-wrp-block_72d964b9b0fadaaee5aeeae46ed41d26\">\r\n    <div class=\"Container\">\r\n        <div class=\"box-wrapper align-items-center\">\r\n            <div class=\"text-wrapper col-md-4 p-3\">\r\n                <h2 class=\"fw-bold mb-3\">SAP | Konsulent:<\/h2>\r\n                <p class=\"mb-md-0\"><\/p>\r\n            <\/div>\r\n                                        <div class=\"col-md-4 p-3\">\r\n                            <a href=\"http:\/\/itoptimiser.com\/faq\/sap-consultant-focused-faq-freelance\/\">\r\n                              <div class=\"icon-box-card\">\r\n                                    <div class=\"text-end\"><img decoding=\"async\" width=\"60\" height=\"60\" alt=\"icon\" class=\"box-icon pb-3 w-auto\" src=\"https:\/\/itoptimiser.com\/wp-content\/uploads\/2024\/01\/arrow-right-circle-1-arrow-keyboard-circle-button-right-3.svg\"\/>\r\n                                    <\/div>\r\n                                     <div class=\"fw-bold pt-4 h4\">SAP Freelance<\/div>\r\n                                     <p class=\"mb-2\">Vi har hjulpet mange SAP-freelancere i l\u00f8bet af deres karriere med at finde de helt rigtige opgaver og projekter. Vi deler naturligvis gerne vores viden med dig!<\/p>  \r\n                                <\/div> \r\n                             <\/a>\r\n                        <\/div>\r\n                                                <div class=\"col-md-4 p-3\">\r\n                            <a href=\"http:\/\/itoptimiser.com\/faq\/sap-consultant-focused-faq\/\">\r\n                              <div class=\"icon-box-card\">\r\n                                    <div class=\"text-end\"><img decoding=\"async\" width=\"60\" height=\"60\" alt=\"icon\" class=\"box-icon pb-3 w-auto\" src=\"https:\/\/itoptimiser.com\/wp-content\/uploads\/2024\/01\/arrow-right-circle-1-arrow-keyboard-circle-button-right-3.svg\"\/>\r\n                                    <\/div>\r\n                                     <div class=\"fw-bold pt-4 h4\">SAP Fastans\u00e6ttelse<\/div>\r\n                                     <p class=\"mb-2\">Er det tid til karriere- eller jobskifte? Vi kan bl.a. hj\u00e6lpe med sparring, nye jobmuligheder  og meget andet. F\u00e5 svar p\u00e5 dine sp\u00f8rgsm\u00e5l her&#8230;.\r\n<br>\r\n<br><\/p>  \r\n                                <\/div> \r\n                             <\/a>\r\n                        <\/div>\r\n                                    <\/div>\r\n    <\/div>\r\n<\/section>\r\n<style type=\"text\/css\">\r\n    #icon-box-wrp-block_72d964b9b0fadaaee5aeeae46ed41d26 h2{\r\n        color: ;\r\n    }\r\n    #icon-box-wrp-block_72d964b9b0fadaaee5aeeae46ed41d26 p {\r\n        color: ;\r\n    }\r\n    #icon-box-wrp-block_72d964b9b0fadaaee5aeeae46ed41d26 .h4 {\r\n        color:#ffffff ;\r\n    }\r\n    #icon-box-wrp-block_72d964b9b0fadaaee5aeeae46ed41d26 .icon-box-card p{\r\n        color:#ffffff ;\r\n    }\r\n    #icon-box-wrp-block_72d964b9b0fadaaee5aeeae46ed41d26 .icon-box-card{\r\n       background-color:#e2c278; \r\n    }\r\n   .box-wrapper {\r\n    display: flex;\r\n    flex-wrap: wrap;\r\n    margin: 0 -1rem;\r\n   }\r\n   .box-wrapper h2{\r\n     line-height: 40px;\r\n   }\r\n   .box-wrapper a{\r\n        text-decoration: none !important;\r\n   }\r\n   .icon-box-card {\r\n    background-color: #060EB5;\r\n    padding: 35px 30px 30px 30px;\r\n    border-radius: 16px;\r\n   }\r\n   .box-icon {\r\n    max-width: 44px;\r\n    object-fit: cover;\r\n    margin-left: auto;\r\n   }\r\n<\/style>\r\n\n\n<section class=\"icon-box-wrp pt-md-3 my-5\" id=\"icon-box-wrp-block_e8dbede074b1d66c8ef3f516e9bc1cb7\">\r\n    <div class=\"Container\">\r\n        <div class=\"box-wrapper align-items-center\">\r\n            <div class=\"text-wrapper col-md-4 p-3\">\r\n                <h2 class=\"fw-bold mb-3\">SAP | Kunde:<\/h2>\r\n                <p class=\"mb-md-0\"><\/p>\r\n            <\/div>\r\n                                        <div class=\"col-md-4 p-3\">\r\n                            <a href=\"http:\/\/itoptimiser.com\/faq\/client-focused-faq\/\">\r\n                              <div class=\"icon-box-card\">\r\n                                    <div class=\"text-end\"><img decoding=\"async\" width=\"60\" height=\"60\" alt=\"icon\" class=\"box-icon pb-3 w-auto\" src=\"https:\/\/itoptimiser.com\/wp-content\/uploads\/2024\/01\/arrow-right-circle-1-arrow-keyboard-circle-button-right-3.svg\"\/>\r\n                                    <\/div>\r\n                                     <div class=\"fw-bold pt-4 h4\">SAP Freelance<\/div>\r\n                                     <p class=\"mb-2\">Leder du efter n\u00e5len i h\u00f8stakken? Har du ikke selv tid og ressourcer  til af l\u00f8fte opgaven. F\u00e5 svar p\u00e5 her hvordan vi kan hj\u00e6lpe.\r\n<br>\r\n<br><\/p>  \r\n                                <\/div> \r\n                             <\/a>\r\n                        <\/div>\r\n                                                <div class=\"col-md-4 p-3\">\r\n                            <a href=\"http:\/\/itoptimiser.com\/faq\/client-focused-faq-perm\/\">\r\n                              <div class=\"icon-box-card\">\r\n                                    <div class=\"text-end\"><img decoding=\"async\" width=\"60\" height=\"60\" alt=\"icon\" class=\"box-icon pb-3 w-auto\" src=\"https:\/\/itoptimiser.com\/wp-content\/uploads\/2024\/01\/arrow-right-circle-1-arrow-keyboard-circle-button-right-3.svg\"\/>\r\n                                    <\/div>\r\n                                     <div class=\"fw-bold pt-4 h4\">SAP Fastans\u00e6ttelse<\/div>\r\n                                     <p class=\"mb-2\">At finde den rigtige medarbejder kan v\u00e6re lang og kr\u00e6vende proces. Drag nytte af vores specialist-team og f\u00e5 adgang til &#8220;passive&#8221; kandidater. Dyk ned i de sp\u00f8rgsm\u00e5l vi oftest st\u00f8der p\u00e5 fra vores kunder<\/p>  \r\n                                <\/div> \r\n                             <\/a>\r\n                        <\/div>\r\n                                    <\/div>\r\n    <\/div>\r\n<\/section>\r\n<style type=\"text\/css\">\r\n    #icon-box-wrp-block_e8dbede074b1d66c8ef3f516e9bc1cb7 h2{\r\n        color: ;\r\n    }\r\n    #icon-box-wrp-block_e8dbede074b1d66c8ef3f516e9bc1cb7 p {\r\n        color: ;\r\n    }\r\n    #icon-box-wrp-block_e8dbede074b1d66c8ef3f516e9bc1cb7 .h4 {\r\n        color:#ffffff ;\r\n    }\r\n    #icon-box-wrp-block_e8dbede074b1d66c8ef3f516e9bc1cb7 .icon-box-card p{\r\n        color:#ffffff ;\r\n    }\r\n    #icon-box-wrp-block_e8dbede074b1d66c8ef3f516e9bc1cb7 .icon-box-card{\r\n       background-color:#060eb5; \r\n    }\r\n   .box-wrapper {\r\n    display: flex;\r\n    flex-wrap: wrap;\r\n    margin: 0 -1rem;\r\n   }\r\n   .box-wrapper h2{\r\n     line-height: 40px;\r\n   }\r\n   .box-wrapper a{\r\n        text-decoration: none !important;\r\n   }\r\n   .icon-box-card {\r\n    background-color: #060EB5;\r\n    padding: 35px 30px 30px 30px;\r\n    border-radius: 16px;\r\n   }\r\n   .box-icon {\r\n    max-width: 44px;\r\n    object-fit: cover;\r\n    margin-left: auto;\r\n   }\r\n<\/style>\r\n","protected":false},"excerpt":{"rendered":"","protected":false},"author":1,"featured_media":0,"parent":0,"menu_order":0,"comment_status":"closed","ping_status":"closed","template":"no-title-template.php","meta":{"_acf_changed":false,"inline_featured_image":false,"footnotes":""},"class_list":["post-4735","page","type-page","status-publish","hentry"],"acf":[],"yoast_head":"<!-- This site is optimized with the Yoast SEO plugin v27.2 - https:\/\/yoast.com\/product\/yoast-seo-wordpress\/ -->\n<title>FAQ - ITOptimiser<\/title>\n<meta name=\"robots\" content=\"index, follow, max-snippet:-1, max-image-preview:large, max-video-preview:-1\" \/>\n<link rel=\"canonical\" href=\"https:\/\/itoptimiser.com\/da\/faq\/\" \/>\n<meta property=\"og:locale\" content=\"da_DK\" \/>\n<meta property=\"og:type\" content=\"article\" \/>\n<meta property=\"og:title\" content=\"FAQ - ITOptimiser\" \/>\n<meta property=\"og:url\" content=\"https:\/\/itoptimiser.com\/da\/faq\/\" \/>\n<meta property=\"og:site_name\" content=\"ITOptimiser\" \/>\n<meta property=\"article:modified_time\" content=\"2025-05-13T11:51:28+00:00\" \/>\n<meta name=\"twitter:card\" content=\"summary_large_image\" \/>\n<script type=\"application\/ld+json\" class=\"yoast-schema-graph\">{\"@context\":\"https:\/\/schema.org\",\"@graph\":[{\"@type\":\"WebPage\",\"@id\":\"https:\/\/itoptimiser.com\/da\/faq\/\",\"url\":\"https:\/\/itoptimiser.com\/da\/faq\/\",\"name\":\"FAQ - ITOptimiser\",\"isPartOf\":{\"@id\":\"https:\/\/itoptimiser.com\/da\/#website\"},\"datePublished\":\"2024-04-08T09:10:49+00:00\",\"dateModified\":\"2025-05-13T11:51:28+00:00\",\"breadcrumb\":{\"@id\":\"https:\/\/itoptimiser.com\/da\/faq\/#breadcrumb\"},\"inLanguage\":\"da-DK\",\"potentialAction\":[{\"@type\":\"ReadAction\",\"target\":[\"https:\/\/itoptimiser.com\/da\/faq\/\"]}]},{\"@type\":\"BreadcrumbList\",\"@id\":\"https:\/\/itoptimiser.com\/da\/faq\/#breadcrumb\",\"itemListElement\":[{\"@type\":\"ListItem\",\"position\":1,\"name\":\"Home\",\"item\":\"https:\/\/itoptimiser.com\/da\/\"},{\"@type\":\"ListItem\",\"position\":2,\"name\":\"FAQ\"}]},{\"@type\":\"WebSite\",\"@id\":\"https:\/\/itoptimiser.com\/da\/#website\",\"url\":\"https:\/\/itoptimiser.com\/da\/\",\"name\":\"ITOptimiser\",\"description\":\"ITOptimiser\",\"publisher\":{\"@id\":\"https:\/\/itoptimiser.com\/da\/#organization\"},\"potentialAction\":[{\"@type\":\"SearchAction\",\"target\":{\"@type\":\"EntryPoint\",\"urlTemplate\":\"https:\/\/itoptimiser.com\/da\/?s={search_term_string}\"},\"query-input\":{\"@type\":\"PropertyValueSpecification\",\"valueRequired\":true,\"valueName\":\"search_term_string\"}}],\"inLanguage\":\"da-DK\"},{\"@type\":\"Organization\",\"@id\":\"https:\/\/itoptimiser.com\/da\/#organization\",\"name\":\"ITOptimiser\",\"url\":\"https:\/\/itoptimiser.com\/da\/\",\"logo\":{\"@type\":\"ImageObject\",\"inLanguage\":\"da-DK\",\"@id\":\"https:\/\/itoptimiser.com\/da\/#\/schema\/logo\/image\/\",\"url\":\"https:\/\/itoptimiser.com\/wp-content\/uploads\/2024\/04\/PrimaryLogo.Wslogan-Color.svg\",\"contentUrl\":\"https:\/\/itoptimiser.com\/wp-content\/uploads\/2024\/04\/PrimaryLogo.Wslogan-Color.svg\",\"caption\":\"ITOptimiser\"},\"image\":{\"@id\":\"https:\/\/itoptimiser.com\/da\/#\/schema\/logo\/image\/\"}}]}<\/script>\n<!-- \/ Yoast SEO plugin. -->","yoast_head_json":{"title":"FAQ - ITOptimiser","robots":{"index":"index","follow":"follow","max-snippet":"max-snippet:-1","max-image-preview":"max-image-preview:large","max-video-preview":"max-video-preview:-1"},"canonical":"https:\/\/itoptimiser.com\/da\/faq\/","og_locale":"da_DK","og_type":"article","og_title":"FAQ - ITOptimiser","og_url":"https:\/\/itoptimiser.com\/da\/faq\/","og_site_name":"ITOptimiser","article_modified_time":"2025-05-13T11:51:28+00:00","twitter_card":"summary_large_image","schema":{"@context":"https:\/\/schema.org","@graph":[{"@type":"WebPage","@id":"https:\/\/itoptimiser.com\/da\/faq\/","url":"https:\/\/itoptimiser.com\/da\/faq\/","name":"FAQ - ITOptimiser","isPartOf":{"@id":"https:\/\/itoptimiser.com\/da\/#website"},"datePublished":"2024-04-08T09:10:49+00:00","dateModified":"2025-05-13T11:51:28+00:00","breadcrumb":{"@id":"https:\/\/itoptimiser.com\/da\/faq\/#breadcrumb"},"inLanguage":"da-DK","potentialAction":[{"@type":"ReadAction","target":["https:\/\/itoptimiser.com\/da\/faq\/"]}]},{"@type":"BreadcrumbList","@id":"https:\/\/itoptimiser.com\/da\/faq\/#breadcrumb","itemListElement":[{"@type":"ListItem","position":1,"name":"Home","item":"https:\/\/itoptimiser.com\/da\/"},{"@type":"ListItem","position":2,"name":"FAQ"}]},{"@type":"WebSite","@id":"https:\/\/itoptimiser.com\/da\/#website","url":"https:\/\/itoptimiser.com\/da\/","name":"ITOptimiser","description":"ITOptimiser","publisher":{"@id":"https:\/\/itoptimiser.com\/da\/#organization"},"potentialAction":[{"@type":"SearchAction","target":{"@type":"EntryPoint","urlTemplate":"https:\/\/itoptimiser.com\/da\/?s={search_term_string}"},"query-input":{"@type":"PropertyValueSpecification","valueRequired":true,"valueName":"search_term_string"}}],"inLanguage":"da-DK"},{"@type":"Organization","@id":"https:\/\/itoptimiser.com\/da\/#organization","name":"ITOptimiser","url":"https:\/\/itoptimiser.com\/da\/","logo":{"@type":"ImageObject","inLanguage":"da-DK","@id":"https:\/\/itoptimiser.com\/da\/#\/schema\/logo\/image\/","url":"https:\/\/itoptimiser.com\/wp-content\/uploads\/2024\/04\/PrimaryLogo.Wslogan-Color.svg","contentUrl":"https:\/\/itoptimiser.com\/wp-content\/uploads\/2024\/04\/PrimaryLogo.Wslogan-Color.svg","caption":"ITOptimiser"},"image":{"@id":"https:\/\/itoptimiser.com\/da\/#\/schema\/logo\/image\/"}}]}},"_links":{"self":[{"href":"https:\/\/itoptimiser.com\/da\/wp-json\/wp\/v2\/pages\/4735","targetHints":{"allow":["GET"]}}],"collection":[{"href":"https:\/\/itoptimiser.com\/da\/wp-json\/wp\/v2\/pages"}],"about":[{"href":"https:\/\/itoptimiser.com\/da\/wp-json\/wp\/v2\/types\/page"}],"author":[{"embeddable":true,"href":"https:\/\/itoptimiser.com\/da\/wp-json\/wp\/v2\/users\/1"}],"replies":[{"embeddable":true,"href":"https:\/\/itoptimiser.com\/da\/wp-json\/wp\/v2\/comments?post=4735"}],"version-history":[{"count":10,"href":"https:\/\/itoptimiser.com\/da\/wp-json\/wp\/v2\/pages\/4735\/revisions"}],"predecessor-version":[{"id":11329,"href":"https:\/\/itoptimiser.com\/da\/wp-json\/wp\/v2\/pages\/4735\/revisions\/11329"}],"wp:attachment":[{"href":"https:\/\/itoptimiser.com\/da\/wp-json\/wp\/v2\/media?parent=4735"}],"curies":[{"name":"wp","href":"https:\/\/api.w.org\/{rel}","templated":true}]}}