{"id":21138,"date":"2025-08-28T07:11:03","date_gmt":"2025-08-28T07:11:03","guid":{"rendered":"https:\/\/itoptimiser.com\/sap-artikler\/"},"modified":"2026-03-17T10:59:31","modified_gmt":"2026-03-17T10:59:31","slug":"sap-artikler","status":"publish","type":"page","link":"https:\/\/itoptimiser.com\/da\/sap-artikler\/","title":{"rendered":"Viden"},"content":{"rendered":"<section class=\"px-3 px-md-5 mb-3 pb-md-5 mb-md-5 herobanner herobanner_overlay \" id=\"herobanner-block_ba5ebbce5251d42e839e0b85c5e2f7e7\">\n    <div class=\"col-md-11 bg-white mx-auto apply-form apply-database position-fixed top-0 w-100\" id=\"apply-database\">\n    <div class=\"cancel-btn\">\n        <svg xmlns=\"http:\/\/www.w3.org\/2000\/svg\" width=\"30\" height=\"30\" viewBox=\"0 0 30 30\" fill=\"none\">\n            <path d=\"M27.9703 2.0293L2.0293 27.9703\" stroke=\"#060E5B\" stroke-width=\"2.66667\" stroke-linecap=\"round\" stroke-linejoin=\"round\"\/>\n            <path d=\"M2.0293 2.0293L27.9703 27.9703\" stroke=\"#060E5B\" stroke-width=\"2.66667\" stroke-linecap=\"round\" stroke-linejoin=\"round\"\/>\n        <\/svg>\n    <\/div>\n    <ul class=\"progressbar col-md-4 mx-auto\">\n        <li class=\"active\"><\/li>\n        <li><\/li>\n        <li><\/li>\n      <\/ul>\n    <h2 class=\"fw-bold text-center mb-4 form-heading\">I am interested<\/h2>\n    <div class=\"bg-form-beige py-5 rounded-4\"><p class=\"wpcf7-contact-form-not-found\"><strong>Fejl:<\/strong> Kontaktformular ikke fundet.<\/p><div class=\"get_email text-center\">\n        <\/div>\n    <\/div>\n<\/div>\n    <div class=\"herobanner-container\">\n        <div class=\"Container banner-bg\">\n            <div class=\"hero-content ps-md-5\">\n                <div class=\"content-inner\">\n                                            <h1 class=\"fw-bold h2\">Inspiration &amp; Nyheder<\/h1>\n                                          <p class=\"mb-2 pe-md-5\">Bliv klogere og lad dig inspirere. Vi opdaterer l\u00f8bende med inspiration og nye artikler i vores nyhedsunivers! <\/p>\n                <\/div><div class=\"banner-button d-flex mt-4 gap-4 flex-wrap\">                        <\/div>\n            <\/div>\n        <\/div>\n    <\/div>\n<\/section><div class=\"col-md-11 bg-white mx-auto apply-form position-fixed top-0 w-100\" id=\"book-call\">\n    <div class=\"cancel-btn\">\n        <svg xmlns=\"http:\/\/www.w3.org\/2000\/svg\" width=\"30\" height=\"30\" viewBox=\"0 0 30 30\" fill=\"none\">\n            <path d=\"M27.9703 2.0293L2.0293 27.9703\" stroke=\"#060E5B\" stroke-width=\"2.66667\" stroke-linecap=\"round\" stroke-linejoin=\"round\"\/>\n            <path d=\"M2.0293 2.0293L27.9703 27.9703\" stroke=\"#060E5B\" stroke-width=\"2.66667\" stroke-linecap=\"round\" stroke-linejoin=\"round\"\/>\n        <\/svg>\n    <\/div>\n    <h2 class=\"fw-bold text-center mb-4 form-heading\">Book a call slot with <br>\na IT Optimiser consultant<\/h2>\n    <div class=\"bg-form-secondary py-5 rounded-4\"><p class=\"wpcf7-contact-form-not-found\"><strong>Fejl:<\/strong> Kontaktformular ikke fundet.<\/p>    <div class=\"get_email text-center\">\n            <h3 class=\"fw-bold\">You will get an email soon<\/h3>\n            <p>Lorem Ipsum is simply dummy text of the printing and typesetting industry. Lorem Ipsum has been the industry&#8217;s standard dummy text ever since the 1500s, when an unknown printer took a galley of type and scrambled it to make a type specimen book.<\/p>\n        <\/div>\n    <\/div>\n<\/div>\n<style type=\"text\/css\">\n    #herobanner-block_ba5ebbce5251d42e839e0b85c5e2f7e7 .banner-bg {\n        background-image: url('https:\/\/itoptimiser.com\/wp-content\/uploads\/2024\/04\/pexels-fauxels-3184465-scaled.jpg');\n    }\n    #herobanner-block_ba5ebbce5251d42e839e0b85c5e2f7e7 .promotionbanner-container:before,\n    #herobanner-block_ba5ebbce5251d42e839e0b85c5e2f7e7 .herobanner-container:before {\n        background: #060e5b;\n    }\n    #herobanner-block_ba5ebbce5251d42e839e0b85c5e2f7e7 h1,\n    #herobanner-block_ba5ebbce5251d42e839e0b85c5e2f7e7 h2{\n        color: #ffffff;\n    }\n    #herobanner-block_ba5ebbce5251d42e839e0b85c5e2f7e7 p{\n        color: #ffffff;\n    }\n    \n    #herobanner-block_ba5ebbce5251d42e839e0b85c5e2f7e7 .promotion-content .content-inner{\n        max-width: 540;\n    }\n    #herobanner-block_ba5ebbce5251d42e839e0b85c5e2f7e7 .hero-content .content-inner{\n        max-width: 540;\n    }\n    .hero-content .banner-button svg{\n       width: 25px;\n       height: 27px;\n    }\n    <\/style>\n\n\n<section class=\"sap-article-wrapper sap-article-page px-3 px-md-5\" id=\"sap-jobs-article-block_45f70b82dfc5df68c6845b608a9bf864\">\n\n    <div class=\"article-Container py-5 position-relative\">\n\n      <div class=\"Container\">\n\n       \n\n      <div class=\"row align-items-center mb-4\">\n\n        <div class=\"col-md-12\">\n\n          <h2 class=\"fw-bold CaseListing-wrapper-h2\">Vores perspektiver p\u00e5 SAP-rekruttering \u2013 nyheder, indsigt og artikler<\/h2>\n\n          <p class=\"CaseListing-wrapper-p\"><\/p>\n\n        <\/div>\n\n      <\/div>\n\n      <div class=\"row mb-4 sap-posts-listing\"><\/div><\/div>\n\n<\/div>\n\n<\/section>\n\n\n<style type=\"text\/css\">\n\n    \/*Start CaseListing section css*\/\n\n    #sap-jobs-article-block_45f70b82dfc5df68c6845b608a9bf864 .CaseListing-wrapper-h2{\n\n        color: ;\n\n    }\n\n    #sap-jobs-article-block_45f70b82dfc5df68c6845b608a9bf864 .CaseListing-wrapper-p{\n\n        color: ;\n\n    }\n\n    #sap-jobs-article-block_45f70b82dfc5df68c6845b608a9bf864 .article-Container:after {\n\n         background-image: url(https:\/\/itoptimiser.com\/wp-content\/uploads\/2023\/12\/Graphic-1.png);\n\n     }\n\n     .sap-article-page .article-Container:after {\n\n        content: \"\";\n\n        bottom: 1px;\n\n        right: 0;\n\n        position: absolute;\n\n        background-size: cover;\n\n        width: 52%;\n\n        height: 60%;\n\n        z-index: 1;\n\n        background-repeat: no-repeat;\n\n    }\n\n    .sap-article-page .article-Container .Container{\n\n        position: relative;\n\n        z-index: 99;\n\n    }\n\n    .article-Container {\n\n        max-width: 100%;\n\n        margin: 0 auto;\n\n        border-radius: 24px;\n\n        position: relative;\n\n    }\n\n\n\n    .CaseListing-card {\n\n        background: #fff;\n\n\/*        padding: 32px;*\/\n\n        border-radius: 24px;\n\n    }\n\n    .CaseListing-button-link {\n\n        font-size: 20px;\n\n        line-height: 22.3px;\n\n        font-weight: 700;\n\n        font-family: 'Comfortaa', sans-serif;\n\n        padding: 20px 41px;\n\n        border-radius: 50px;\n\n        text-decoration: none;\n\n        text-align: center;\n\n        margin: 0 auto;\n\n        display: table;\n\n        border: 1px solid;\n\n        width: max-content;\n\n    }\n\n    #sap-jobs-article-block_45f70b82dfc5df68c6845b608a9bf864 .CaseListing-button-link{\n\n        background-color: #060eb5;\n\n        color:#ffffff;\n\n        border-color:#060eb5;\n\n\n\n    }\n\n    #sap-jobs-article-block_45f70b82dfc5df68c6845b608a9bf864 .CaseListing-button-link:hover{\n\n        background-color: #ffffff;\n\n        color:#060eb5;\n\n        border-color:#060eb5;\n\n\n\n    }\n\n    .CaseListing-button-link a{\n\n        text-decoration: none;\n\n    }\n\n    .CaseListing-TextWrapper .h5 {\n\n        font-size: 18px !important;\n\n        line-height: 23.54px;\n\n        font-weight: 400;\n\n        color: #303243;\n\n        font-family: 'Assistant', sans-serif;\n\n    }\n\n    .CaseListing-TextWrapper h6 {\n\n        font-size: 16px !important;\n\n        line-height: 20.93px;\n\n        font-weight: 300;\n\n        color: #929292;\n\n        font-family: 'Assistant', sans-serif;\n\n    }\n\n    .object-fit-contain{\n\n        object-fit: contain;\n\n    }\n\n    .article-Container .link-cta a{\n\n        text-decoration: none;\n\n        text-align: center;\n\n        align-items: center;\n\n        display: inline-flex;\n\n        border: 1px solid transparent;\n\n        font-weight: 700;\n\n        font-size: 20px;\n\n        color: #060eb5 !important;\n\n        padding: 13px 0px;\n\n        border-radius: 100px;\n\n        text-align: center;\n\n        align-items: center;\n\n        display: inline-flex;\n\n        border: 1px solid transparent;\n\n        background: #fff;\n\n    }\n\n    .sap-article-page .article-Container {\n\n        background: inherit;\n\n        overflow: hidden;\n\n        border-radius: 50px;\n\n    }\n\n   #sap-jobs-article-block_45f70b82dfc5df68c6845b608a9bf864 .article-Container:before {\n\n    content: '';\n\n    left: 0;\n\n    right: 0;\n\n    position: absolute;\n\n    width: 100%;\n\n    height: 100%;\n\n    z-index: -1;\n\n    border-radius: 30px;\n\n    background-color: rgb(230,231,248);\n\n    top: 313px;\n\n}\n\n\n\n.orderby {\n\n    padding: 10px 25px;\n\n    border: inherit;\n\n    border-radius: 50px;\n\n    font-size: 1em;\n\n    font-family: inherit;\n\n    appearance: none;\n\n    background-image: url(\"data:image\/svg+xml;charset=UTF-8,%3csvg xmlns='http:\/\/www.w3.org\/2000\/svg' viewBox='0 0 24 24' fill='none' stroke='currentColor' stroke-width='2' stroke-linecap='round' stroke-linejoin='round'%3e%3cpolyline points='6 9 12 15 18 9'%3e%3c\/polyline%3e%3c\/svg%3e\");\n\n    background-repeat: no-repeat;\n\n    background-position: right 1rem center;\n\n    background-size: 1.5em;\n\n    max-width: 170px;\n\n}\n\n.caseListing-card-feature{\n\n    border-top-left-radius: 24px;\n\n    border-top-right-radius: 24px;\n\n}\n\n.jab-article-cat{\n    background: #060eb5;\n    border-top-right-radius: 20px;\n    border-bottom-left-radius: 12px;\n    padding-top: 7px;\n    padding-bottom: 8px;\n}\n\n \/*End CaseListing section css*\/\n\n\n<\/style>\n\n\n\n\n<div style=\"height:80px\" aria-hidden=\"true\" class=\"wp-block-spacer\"><\/div>\n\n\n<section class=\"px-3 px-md-5 pb-md-5 mb-md-5 promotionbanner no-background mb-0 herobanner_overlay \" id=\"herobanner-block_b7e3a13d2f5e3c47a88f17e05b687a25\">\n    <div class=\"col-md-11 bg-white mx-auto apply-form apply-database position-fixed top-0 w-100\" id=\"apply-database\">\n    <div class=\"cancel-btn\">\n        <svg xmlns=\"http:\/\/www.w3.org\/2000\/svg\" width=\"30\" height=\"30\" viewBox=\"0 0 30 30\" fill=\"none\">\n            <path d=\"M27.9703 2.0293L2.0293 27.9703\" stroke=\"#060E5B\" stroke-width=\"2.66667\" stroke-linecap=\"round\" stroke-linejoin=\"round\"\/>\n            <path d=\"M2.0293 2.0293L27.9703 27.9703\" stroke=\"#060E5B\" stroke-width=\"2.66667\" stroke-linecap=\"round\" stroke-linejoin=\"round\"\/>\n        <\/svg>\n    <\/div>\n    <ul class=\"progressbar col-md-4 mx-auto\">\n        <li class=\"active\"><\/li>\n        <li><\/li>\n        <li><\/li>\n      <\/ul>\n    <h2 class=\"fw-bold text-center mb-4 form-heading\">I am interested<\/h2>\n    <div class=\"bg-form-beige py-5 rounded-4\"><p class=\"wpcf7-contact-form-not-found\"><strong>Fejl:<\/strong> Kontaktformular ikke fundet.<\/p><div class=\"get_email text-center\">\n        <\/div>\n    <\/div>\n<\/div>\n    <div class=\"promotionbanner no-background mb-0-container\">\n        <div class=\"Container banner-bg\">\n            <div class=\"promotion-content ps-md-5\">\n                <div class=\"content-inner\">\n                                            <h2 class=\"fw-bold\">Hold dig opdateret p\u00e5 Linkedin!<\/h2>\n                                         <p class=\"mb-2 pe-md-5\">P\u00e5 vores Linkedin-side kan du holde dig opdateret med seneste nyheder og vores allernyeste opgaver indenfor b\u00e5de freelance og fastans\u00e6ttelse.<\/p>\n                <\/div><div class=\"banner-button d-flex mt-4 gap-4 flex-wrap\">                                <a href=\"#\" class=\"banner-btn-link d-flex justify-content-between gap-2\" id=\"banner-btn-1\">\n                                    F\u00f8lg os p\u00e5 Linkedin                                                                    <\/a>\n                                                        <\/div>\n            <\/div>\n        <\/div>\n    <\/div>\n<\/section><div class=\"col-md-11 bg-white mx-auto apply-form position-fixed top-0 w-100\" id=\"book-call\">\n    <div class=\"cancel-btn\">\n        <svg xmlns=\"http:\/\/www.w3.org\/2000\/svg\" width=\"30\" height=\"30\" viewBox=\"0 0 30 30\" fill=\"none\">\n            <path d=\"M27.9703 2.0293L2.0293 27.9703\" stroke=\"#060E5B\" stroke-width=\"2.66667\" stroke-linecap=\"round\" stroke-linejoin=\"round\"\/>\n            <path d=\"M2.0293 2.0293L27.9703 27.9703\" stroke=\"#060E5B\" stroke-width=\"2.66667\" stroke-linecap=\"round\" stroke-linejoin=\"round\"\/>\n        <\/svg>\n    <\/div>\n    <h2 class=\"fw-bold text-center mb-4 form-heading\">Book a call slot with <br>\na IT Optimiser consultant<\/h2>\n    <div class=\"bg-form-secondary py-5 rounded-4\"><p class=\"wpcf7-contact-form-not-found\"><strong>Fejl:<\/strong> Kontaktformular ikke fundet.<\/p>    <div class=\"get_email text-center\">\n            <h3 class=\"fw-bold\">You will get an email soon<\/h3>\n            <p>Lorem Ipsum is simply dummy text of the printing and typesetting industry. Lorem Ipsum has been the industry&#8217;s standard dummy text ever since the 1500s, when an unknown printer took a galley of type and scrambled it to make a type specimen book.<\/p>\n        <\/div>\n    <\/div>\n<\/div>\n<style type=\"text\/css\">\n    #herobanner-block_b7e3a13d2f5e3c47a88f17e05b687a25 .banner-bg {\n        background-image: url('https:\/\/itoptimiser.com\/wp-content\/uploads\/2025\/08\/banner-Content-1.jpg');\n    }\n    #herobanner-block_b7e3a13d2f5e3c47a88f17e05b687a25 .promotionbanner-container:before,\n    #herobanner-block_b7e3a13d2f5e3c47a88f17e05b687a25 .herobanner-container:before {\n        background: #060e5b;\n    }\n    #herobanner-block_b7e3a13d2f5e3c47a88f17e05b687a25 h1,\n    #herobanner-block_b7e3a13d2f5e3c47a88f17e05b687a25 h2{\n        color: #ffffff;\n    }\n    #herobanner-block_b7e3a13d2f5e3c47a88f17e05b687a25 p{\n        color: #ffffff;\n    }\n    \n    #herobanner-block_b7e3a13d2f5e3c47a88f17e05b687a25 .promotion-content .content-inner{\n        max-width: 570;\n    }\n    #herobanner-block_b7e3a13d2f5e3c47a88f17e05b687a25 .hero-content .content-inner{\n        max-width: 570;\n    }\n    .hero-content .banner-button svg{\n       width: 25px;\n       height: 27px;\n    }\n    #herobanner-block_b7e3a13d2f5e3c47a88f17e05b687a25 #banner-btn-1 {\n                background-color: rgb(6,14,181);\n                color:rgb(255,255,255) ;\n                border-color: rgb(6,14,181);\n            }\n\n            #herobanner-block_b7e3a13d2f5e3c47a88f17e05b687a25 #banner-btn-1:hover{\n                background-color: rgb(52,61,255);\n                color:rgb(255,255,255) ;\n                border-color:#343dff ;\n            }<\/style>\n\n\n\n\n","protected":false},"excerpt":{"rendered":"","protected":false},"author":1,"featured_media":0,"parent":0,"menu_order":0,"comment_status":"closed","ping_status":"closed","template":"no-title-template.php","meta":{"_acf_changed":false,"inline_featured_image":false,"footnotes":""},"class_list":["post-21138","page","type-page","status-publish","hentry"],"acf":[],"yoast_head":"<!-- This site is optimized with the Yoast SEO plugin v27.2 - https:\/\/yoast.com\/product\/yoast-seo-wordpress\/ -->\n<title>Viden - ITOptimiser<\/title>\n<meta name=\"robots\" content=\"index, follow, max-snippet:-1, max-image-preview:large, max-video-preview:-1\" \/>\n<link rel=\"canonical\" href=\"https:\/\/itoptimiser.com\/da\/sap-artikler\/\" \/>\n<meta property=\"og:locale\" content=\"da_DK\" \/>\n<meta property=\"og:type\" content=\"article\" \/>\n<meta property=\"og:title\" content=\"Viden - ITOptimiser\" \/>\n<meta property=\"og:url\" content=\"https:\/\/itoptimiser.com\/da\/sap-artikler\/\" \/>\n<meta property=\"og:site_name\" content=\"ITOptimiser\" \/>\n<meta property=\"article:modified_time\" content=\"2026-03-17T10:59:31+00:00\" \/>\n<meta name=\"twitter:card\" content=\"summary_large_image\" \/>\n<script type=\"application\/ld+json\" class=\"yoast-schema-graph\">{\"@context\":\"https:\/\/schema.org\",\"@graph\":[{\"@type\":\"WebPage\",\"@id\":\"https:\/\/itoptimiser.com\/da\/sap-artikler\/\",\"url\":\"https:\/\/itoptimiser.com\/da\/sap-artikler\/\",\"name\":\"Viden - ITOptimiser\",\"isPartOf\":{\"@id\":\"https:\/\/itoptimiser.com\/da\/#website\"},\"datePublished\":\"2025-08-28T07:11:03+00:00\",\"dateModified\":\"2026-03-17T10:59:31+00:00\",\"breadcrumb\":{\"@id\":\"https:\/\/itoptimiser.com\/da\/sap-artikler\/#breadcrumb\"},\"inLanguage\":\"da-DK\",\"potentialAction\":[{\"@type\":\"ReadAction\",\"target\":[\"https:\/\/itoptimiser.com\/da\/sap-artikler\/\"]}]},{\"@type\":\"BreadcrumbList\",\"@id\":\"https:\/\/itoptimiser.com\/da\/sap-artikler\/#breadcrumb\",\"itemListElement\":[{\"@type\":\"ListItem\",\"position\":1,\"name\":\"Home\",\"item\":\"https:\/\/itoptimiser.com\/da\/\"},{\"@type\":\"ListItem\",\"position\":2,\"name\":\"Viden\"}]},{\"@type\":\"WebSite\",\"@id\":\"https:\/\/itoptimiser.com\/da\/#website\",\"url\":\"https:\/\/itoptimiser.com\/da\/\",\"name\":\"ITOptimiser\",\"description\":\"ITOptimiser\",\"publisher\":{\"@id\":\"https:\/\/itoptimiser.com\/da\/#organization\"},\"potentialAction\":[{\"@type\":\"SearchAction\",\"target\":{\"@type\":\"EntryPoint\",\"urlTemplate\":\"https:\/\/itoptimiser.com\/da\/?s={search_term_string}\"},\"query-input\":{\"@type\":\"PropertyValueSpecification\",\"valueRequired\":true,\"valueName\":\"search_term_string\"}}],\"inLanguage\":\"da-DK\"},{\"@type\":\"Organization\",\"@id\":\"https:\/\/itoptimiser.com\/da\/#organization\",\"name\":\"ITOptimiser\",\"url\":\"https:\/\/itoptimiser.com\/da\/\",\"logo\":{\"@type\":\"ImageObject\",\"inLanguage\":\"da-DK\",\"@id\":\"https:\/\/itoptimiser.com\/da\/#\/schema\/logo\/image\/\",\"url\":\"https:\/\/itoptimiser.com\/wp-content\/uploads\/2024\/04\/PrimaryLogo.Wslogan-Color.svg\",\"contentUrl\":\"https:\/\/itoptimiser.com\/wp-content\/uploads\/2024\/04\/PrimaryLogo.Wslogan-Color.svg\",\"caption\":\"ITOptimiser\"},\"image\":{\"@id\":\"https:\/\/itoptimiser.com\/da\/#\/schema\/logo\/image\/\"}}]}<\/script>\n<!-- \/ Yoast SEO plugin. -->","yoast_head_json":{"title":"Viden - ITOptimiser","robots":{"index":"index","follow":"follow","max-snippet":"max-snippet:-1","max-image-preview":"max-image-preview:large","max-video-preview":"max-video-preview:-1"},"canonical":"https:\/\/itoptimiser.com\/da\/sap-artikler\/","og_locale":"da_DK","og_type":"article","og_title":"Viden - ITOptimiser","og_url":"https:\/\/itoptimiser.com\/da\/sap-artikler\/","og_site_name":"ITOptimiser","article_modified_time":"2026-03-17T10:59:31+00:00","twitter_card":"summary_large_image","schema":{"@context":"https:\/\/schema.org","@graph":[{"@type":"WebPage","@id":"https:\/\/itoptimiser.com\/da\/sap-artikler\/","url":"https:\/\/itoptimiser.com\/da\/sap-artikler\/","name":"Viden - ITOptimiser","isPartOf":{"@id":"https:\/\/itoptimiser.com\/da\/#website"},"datePublished":"2025-08-28T07:11:03+00:00","dateModified":"2026-03-17T10:59:31+00:00","breadcrumb":{"@id":"https:\/\/itoptimiser.com\/da\/sap-artikler\/#breadcrumb"},"inLanguage":"da-DK","potentialAction":[{"@type":"ReadAction","target":["https:\/\/itoptimiser.com\/da\/sap-artikler\/"]}]},{"@type":"BreadcrumbList","@id":"https:\/\/itoptimiser.com\/da\/sap-artikler\/#breadcrumb","itemListElement":[{"@type":"ListItem","position":1,"name":"Home","item":"https:\/\/itoptimiser.com\/da\/"},{"@type":"ListItem","position":2,"name":"Viden"}]},{"@type":"WebSite","@id":"https:\/\/itoptimiser.com\/da\/#website","url":"https:\/\/itoptimiser.com\/da\/","name":"ITOptimiser","description":"ITOptimiser","publisher":{"@id":"https:\/\/itoptimiser.com\/da\/#organization"},"potentialAction":[{"@type":"SearchAction","target":{"@type":"EntryPoint","urlTemplate":"https:\/\/itoptimiser.com\/da\/?s={search_term_string}"},"query-input":{"@type":"PropertyValueSpecification","valueRequired":true,"valueName":"search_term_string"}}],"inLanguage":"da-DK"},{"@type":"Organization","@id":"https:\/\/itoptimiser.com\/da\/#organization","name":"ITOptimiser","url":"https:\/\/itoptimiser.com\/da\/","logo":{"@type":"ImageObject","inLanguage":"da-DK","@id":"https:\/\/itoptimiser.com\/da\/#\/schema\/logo\/image\/","url":"https:\/\/itoptimiser.com\/wp-content\/uploads\/2024\/04\/PrimaryLogo.Wslogan-Color.svg","contentUrl":"https:\/\/itoptimiser.com\/wp-content\/uploads\/2024\/04\/PrimaryLogo.Wslogan-Color.svg","caption":"ITOptimiser"},"image":{"@id":"https:\/\/itoptimiser.com\/da\/#\/schema\/logo\/image\/"}}]}},"_links":{"self":[{"href":"https:\/\/itoptimiser.com\/da\/wp-json\/wp\/v2\/pages\/21138","targetHints":{"allow":["GET"]}}],"collection":[{"href":"https:\/\/itoptimiser.com\/da\/wp-json\/wp\/v2\/pages"}],"about":[{"href":"https:\/\/itoptimiser.com\/da\/wp-json\/wp\/v2\/types\/page"}],"author":[{"embeddable":true,"href":"https:\/\/itoptimiser.com\/da\/wp-json\/wp\/v2\/users\/1"}],"replies":[{"embeddable":true,"href":"https:\/\/itoptimiser.com\/da\/wp-json\/wp\/v2\/comments?post=21138"}],"version-history":[{"count":5,"href":"https:\/\/itoptimiser.com\/da\/wp-json\/wp\/v2\/pages\/21138\/revisions"}],"predecessor-version":[{"id":22173,"href":"https:\/\/itoptimiser.com\/da\/wp-json\/wp\/v2\/pages\/21138\/revisions\/22173"}],"wp:attachment":[{"href":"https:\/\/itoptimiser.com\/da\/wp-json\/wp\/v2\/media?parent=21138"}],"curies":[{"name":"wp","href":"https:\/\/api.w.org\/{rel}","templated":true}]}}